{"id":4044,"date":"2020-10-26T10:45:11","date_gmt":"2020-10-26T09:45:11","guid":{"rendered":"https:\/\/www.quilex-lighting.com\/shop\/?page_id=4044"},"modified":"2021-01-06T09:51:43","modified_gmt":"2021-01-06T08:51:43","slug":"boutique","status":"publish","type":"page","link":"https:\/\/www.quilex-lighting.com\/shop\/boutique\/","title":{"rendered":"BOUTIQUE"},"content":{"rendered":"\t\t<div data-elementor-type=\"wp-page\" data-elementor-id=\"4044\" class=\"elementor elementor-4044\" data-elementor-settings=\"[]\">\n\t\t\t<div class=\"elementor-inner\">\n\t\t\t\t<div class=\"elementor-section-wrap\">\n\t\t\t\t\t\t\t<section class=\"elementor-element elementor-element-29b8f96 elementor-section-boxed elementor-section-height-default elementor-section-height-default elementor-section elementor-top-section\" data-id=\"29b8f96\" data-element_type=\"section\">\n\t\t\t\t\t\t<div class=\"elementor-container elementor-column-gap-default\">\n\t\t\t\t<div class=\"elementor-row\">\n\t\t\t\t<div class=\"elementor-element elementor-element-3266740 elementor-column elementor-col-25 elementor-top-column\" data-id=\"3266740\" data-element_type=\"column\">\n\t\t\t<div class=\"elementor-column-wrap  elementor-element-populated\">\n\t\t\t\t\t<div class=\"elementor-widget-wrap\">\n\t\t\t\t<div class=\"elementor-element elementor-element-bf40394 miini-category-box-normal elementor-widget elementor-widget-miini-category-box\" data-id=\"bf40394\" data-element_type=\"widget\" data-widget_type=\"miini-category-box.default\">\n\t\t\t\t<div class=\"elementor-widget-container\">\n\t\t\t\t<div class=\"miini-category-box-wrapper\">\n\t\t<a href=\"https:\/\/www.quilex-lighting.com\/shop\/categorie-produit\/appliques\/\"  class=\"miini-category-box-link\"><\/a>\n\t\t<div class=\"miini-category-box-image\">\n\t\t\t<img decoding=\"async\" src=\"https:\/\/www.quilex-lighting.com\/shop\/wp-content\/uploads\/2020\/04\/b_il-de-kwakel-eht_9_324-3-1.jpg\" alt=\"Appliques murales\">\n\t\t<\/div>\n\n\t\t\t\t<div class=\"miini-category-box-content\">\n\t\t\t<p class=\"miini-category-description\">  <\/p>\n\t\t\t<h3 class=\"miini-category-box-title\">\n\t\t\t<a href=\"https:\/\/www.quilex-lighting.com\/shop\/categorie-produit\/appliques\/\" >APPLIQUES MURALES<\/a>\n\t\t\t<\/h3>\n\t\t\t\t\t<\/div>\n\t\t\t<\/div>\n\t\t\t<\/div>\n\t\t\t\t<\/div>\n\t\t\t\t<div class=\"elementor-element elementor-element-82e3ca1 miini-category-box-normal elementor-widget elementor-widget-miini-category-box\" data-id=\"82e3ca1\" data-element_type=\"widget\" data-widget_type=\"miini-category-box.default\">\n\t\t\t\t<div class=\"elementor-widget-container\">\n\t\t\t\t<div class=\"miini-category-box-wrapper\">\n\t\t<a href=\"https:\/\/www.quilex-lighting.com\/shop\/categorie-produit\/spots-exterieur-jardin\/\"  class=\"miini-category-box-link\"><\/a>\n\t\t<div class=\"miini-category-box-image\">\n\t\t\t<img decoding=\"async\" src=\"https:\/\/www.quilex-lighting.com\/shop\/wp-content\/uploads\/2020\/04\/spot-arbres.jpg\" alt=\"Spots d&#039;arbre\">\n\t\t<\/div>\n\n\t\t\t\t<div class=\"miini-category-box-content\">\n\t\t\t<p class=\"miini-category-description\">  <\/p>\n\t\t\t<h3 class=\"miini-category-box-title\">\n\t\t\t<a href=\"https:\/\/www.quilex-lighting.com\/shop\/categorie-produit\/spots-exterieur-jardin\/\" >Spots ext\u00e9rieurs<\/a>\n\t\t\t<\/h3>\n\t\t\t\t\t<\/div>\n\t\t\t<\/div>\n\t\t\t<\/div>\n\t\t\t\t<\/div>\n\t\t\t\t\t\t<\/div>\n\t\t\t<\/div>\n\t\t<\/div>\n\t\t\t\t<div class=\"elementor-element elementor-element-a746853 elementor-column elementor-col-25 elementor-top-column\" data-id=\"a746853\" data-element_type=\"column\">\n\t\t\t<div class=\"elementor-column-wrap  elementor-element-populated\">\n\t\t\t\t\t<div class=\"elementor-widget-wrap\">\n\t\t\t\t<div class=\"elementor-element elementor-element-0640d04 miini-category-box-normal elementor-widget elementor-widget-miini-category-box\" data-id=\"0640d04\" data-element_type=\"widget\" data-widget_type=\"miini-category-box.default\">\n\t\t\t\t<div class=\"elementor-widget-container\">\n\t\t\t\t<div class=\"miini-category-box-wrapper\">\n\t\t<a href=\"https:\/\/www.quilex-lighting.com\/shop\/categorie-produit\/bornes-eclairage\/\"  class=\"miini-category-box-link\"><\/a>\n\t\t<div class=\"miini-category-box-image\">\n\t\t\t<img decoding=\"async\" src=\"https:\/\/www.quilex-lighting.com\/shop\/wp-content\/uploads\/2020\/04\/bornes.jpg\" alt=\"Bornes lumineuses\">\n\t\t<\/div>\n\n\t\t\t\t<div class=\"miini-category-box-content\">\n\t\t\t<p class=\"miini-category-description\">  <\/p>\n\t\t\t<h3 class=\"miini-category-box-title\">\n\t\t\t<a href=\"https:\/\/www.quilex-lighting.com\/shop\/categorie-produit\/bornes-eclairage\/\" >BORNES LUMINEUSES<\/a>\n\t\t\t<\/h3>\n\t\t\t\t\t<\/div>\n\t\t\t<\/div>\n\t\t\t<\/div>\n\t\t\t\t<\/div>\n\t\t\t\t<div class=\"elementor-element elementor-element-cd3046d miini-category-box-normal elementor-widget elementor-widget-miini-category-box\" data-id=\"cd3046d\" data-element_type=\"widget\" data-widget_type=\"miini-category-box.default\">\n\t\t\t\t<div class=\"elementor-widget-container\">\n\t\t\t\t<div class=\"miini-category-box-wrapper\">\n\t\t<a href=\"https:\/\/www.quilex-lighting.com\/shop\/categorie-produit\/lampe-mobile-stereo-enceinte\/\"  class=\"miini-category-box-link\"><\/a>\n\t\t<div class=\"miini-category-box-image\">\n\t\t\t<img decoding=\"async\" src=\"https:\/\/www.quilex-lighting.com\/shop\/wp-content\/uploads\/2020\/10\/DSC_9948-Edit.jpg\" alt=\"lampe mobile et st\u00e9reo\">\n\t\t<\/div>\n\n\t\t\t\t<div class=\"miini-category-box-content\">\n\t\t\t<p class=\"miini-category-description\">  <\/p>\n\t\t\t<h3 class=\"miini-category-box-title\">\n\t\t\t<a href=\"https:\/\/www.quilex-lighting.com\/shop\/categorie-produit\/lampe-mobile-stereo-enceinte\/\" >Lampes mobiles &amp; enceintes <\/a>\n\t\t\t<\/h3>\n\t\t\t\t\t<\/div>\n\t\t\t<\/div>\n\t\t\t<\/div>\n\t\t\t\t<\/div>\n\t\t\t\t\t\t<\/div>\n\t\t\t<\/div>\n\t\t<\/div>\n\t\t\t\t<div class=\"elementor-element elementor-element-e1fab05 elementor-column elementor-col-25 elementor-top-column\" data-id=\"e1fab05\" data-element_type=\"column\">\n\t\t\t<div class=\"elementor-column-wrap  elementor-element-populated\">\n\t\t\t\t\t<div class=\"elementor-widget-wrap\">\n\t\t\t\t<div class=\"elementor-element elementor-element-7bc4c2a miini-category-box-normal elementor-widget elementor-widget-miini-category-box\" data-id=\"7bc4c2a\" data-element_type=\"widget\" data-widget_type=\"miini-category-box.default\">\n\t\t\t\t<div class=\"elementor-widget-container\">\n\t\t\t\t<div class=\"miini-category-box-wrapper\">\n\t\t<a href=\"https:\/\/www.quilex-lighting.com\/shop\/categorie-produit\/encastrables-balises\/\"  class=\"miini-category-box-link\"><\/a>\n\t\t<div class=\"miini-category-box-image\">\n\t\t\t<img decoding=\"async\" src=\"https:\/\/www.quilex-lighting.com\/shop\/wp-content\/uploads\/2020\/04\/Encastr\u00e9s-et-balisage.jpg\" alt=\"Spot encastr\u00e9s et balises\">\n\t\t<\/div>\n\n\t\t\t\t<div class=\"miini-category-box-content\">\n\t\t\t<p class=\"miini-category-description\">  <\/p>\n\t\t\t<h3 class=\"miini-category-box-title\">\n\t\t\t<a href=\"https:\/\/www.quilex-lighting.com\/shop\/categorie-produit\/encastrables-balises\/\" >ENCASTR\u00c9S DE SOL &amp; BALISES<\/a>\n\t\t\t<\/h3>\n\t\t\t\t\t<\/div>\n\t\t\t<\/div>\n\t\t\t<\/div>\n\t\t\t\t<\/div>\n\t\t\t\t<div class=\"elementor-element elementor-element-8e9b382 miini-category-box-normal elementor-widget elementor-widget-miini-category-box\" data-id=\"8e9b382\" data-element_type=\"widget\" data-widget_type=\"miini-category-box.default\">\n\t\t\t\t<div class=\"elementor-widget-container\">\n\t\t\t\t<div class=\"miini-category-box-wrapper\">\n\t\t<a href=\"https:\/\/www.quilex-lighting.com\/shop\/categorie-produit\/luminaires-solaires-hybrides-connectes\/\"  class=\"miini-category-box-link\"><\/a>\n\t\t<div class=\"miini-category-box-image\">\n\t\t\t<img decoding=\"async\" src=\"https:\/\/www.quilex-lighting.com\/shop\/wp-content\/uploads\/2020\/10\/Parade.jpg\" alt=\"Luminaire solaire Maiori\">\n\t\t<\/div>\n\n\t\t\t\t<div class=\"miini-category-box-content\">\n\t\t\t<p class=\"miini-category-description\">  <\/p>\n\t\t\t<h3 class=\"miini-category-box-title\">\n\t\t\t<a href=\"https:\/\/www.quilex-lighting.com\/shop\/categorie-produit\/luminaires-solaires-hybrides-connectes\/\" >Luminaires solaires &amp; connect\u00e9s<\/a>\n\t\t\t<\/h3>\n\t\t\t\t\t<\/div>\n\t\t\t<\/div>\n\t\t\t<\/div>\n\t\t\t\t<\/div>\n\t\t\t\t\t\t<\/div>\n\t\t\t<\/div>\n\t\t<\/div>\n\t\t\t\t<div class=\"elementor-element elementor-element-c2a0006 elementor-column elementor-col-25 elementor-top-column\" data-id=\"c2a0006\" data-element_type=\"column\">\n\t\t\t<div class=\"elementor-column-wrap  elementor-element-populated\">\n\t\t\t\t\t<div class=\"elementor-widget-wrap\">\n\t\t\t\t<div class=\"elementor-element elementor-element-d6fb433 miini-category-box-normal elementor-widget elementor-widget-miini-category-box\" data-id=\"d6fb433\" data-element_type=\"widget\" data-widget_type=\"miini-category-box.default\">\n\t\t\t\t<div class=\"elementor-widget-container\">\n\t\t\t\t<div class=\"miini-category-box-wrapper\">\n\t\t<a href=\"https:\/\/www.quilex-lighting.com\/shop\/categorie-produit\/transformateurs-accessoires\/\"  class=\"miini-category-box-link\"><\/a>\n\t\t<div class=\"miini-category-box-image\">\n\t\t\t<img decoding=\"async\" src=\"https:\/\/www.quilex-lighting.com\/shop\/wp-content\/uploads\/2020\/04\/eclairage-exterieurUmWQyva3WKfdSFZ_800_500.jpg\" alt=\"Category Box Image\">\n\t\t<\/div>\n\n\t\t\t\t<div class=\"miini-category-box-content\">\n\t\t\t<p class=\"miini-category-description\">  <\/p>\n\t\t\t<h3 class=\"miini-category-box-title\">\n\t\t\t<a href=\"https:\/\/www.quilex-lighting.com\/shop\/categorie-produit\/transformateurs-accessoires\/\" >Syst\u00e8mes et accessoires<\/a>\n\t\t\t<\/h3>\n\t\t\t\t\t<\/div>\n\t\t\t<\/div>\n\t\t\t<\/div>\n\t\t\t\t<\/div>\n\t\t\t\t<div class=\"elementor-element elementor-element-57e66c8 miini-category-box-normal elementor-widget elementor-widget-miini-category-box\" data-id=\"57e66c8\" data-element_type=\"widget\" data-widget_type=\"miini-category-box.default\">\n\t\t\t\t<div class=\"elementor-widget-container\">\n\t\t\t\t<div class=\"miini-category-box-wrapper\">\n\t\t<a href=\"https:\/\/www.quilex-lighting.com\/shop\/categorie-produit\/decoration-brasero-foyers-exterieurs\/\"  class=\"miini-category-box-link\"><\/a>\n\t\t<div class=\"miini-category-box-image\">\n\t\t\t<img decoding=\"async\" src=\"https:\/\/www.quilex-lighting.com\/shop\/wp-content\/uploads\/2020\/10\/Brasero-et-deco.jpg\" alt=\"D\u00e9coration ext\u00e9rieures et brasero haut de gamme\">\n\t\t<\/div>\n\n\t\t\t\t<div class=\"miini-category-box-content\">\n\t\t\t<p class=\"miini-category-description\">  <\/p>\n\t\t\t<h3 class=\"miini-category-box-title\">\n\t\t\t<a href=\"https:\/\/www.quilex-lighting.com\/shop\/categorie-produit\/decoration-brasero-foyers-exterieurs\/\" >D\u00c9CORATIONS &amp; BRASERO<\/a>\n\t\t\t<\/h3>\n\t\t\t\t\t<\/div>\n\t\t\t<\/div>\n\t\t\t<\/div>\n\t\t\t\t<\/div>\n\t\t\t\t\t\t<\/div>\n\t\t\t<\/div>\n\t\t<\/div>\n\t\t\t\t\t\t<\/div>\n\t\t\t<\/div>\n\t\t<\/section>\n\t\t\t\t\t\t<\/div>\n\t\t\t<\/div>\n\t\t<\/div>\n\t\t","protected":false},"excerpt":{"rendered":"<p>APPLIQUES MURALES Spots ext\u00e9rieurs BORNES LUMINEUSES Lampes mobiles &amp; enceintes ENCASTR\u00c9S DE SOL &amp; BALISES Luminaires solaires &amp; connect\u00e9s Syst\u00e8mes et accessoires D\u00c9CORATIONS &amp; BRASERO<\/p>\n","protected":false},"author":1,"featured_media":0,"parent":0,"menu_order":0,"comment_status":"closed","ping_status":"closed","template":"","meta":{"footnotes":""},"class_list":["post-4044","page","type-page","status-publish","hentry"],"_links":{"self":[{"href":"https:\/\/www.quilex-lighting.com\/shop\/wp-json\/wp\/v2\/pages\/4044","targetHints":{"allow":["GET"]}}],"collection":[{"href":"https:\/\/www.quilex-lighting.com\/shop\/wp-json\/wp\/v2\/pages"}],"about":[{"href":"https:\/\/www.quilex-lighting.com\/shop\/wp-json\/wp\/v2\/types\/page"}],"author":[{"embeddable":true,"href":"https:\/\/www.quilex-lighting.com\/shop\/wp-json\/wp\/v2\/users\/1"}],"replies":[{"embeddable":true,"href":"https:\/\/www.quilex-lighting.com\/shop\/wp-json\/wp\/v2\/comments?post=4044"}],"version-history":[{"count":8,"href":"https:\/\/www.quilex-lighting.com\/shop\/wp-json\/wp\/v2\/pages\/4044\/revisions"}],"predecessor-version":[{"id":4944,"href":"https:\/\/www.quilex-lighting.com\/shop\/wp-json\/wp\/v2\/pages\/4044\/revisions\/4944"}],"wp:attachment":[{"href":"https:\/\/www.quilex-lighting.com\/shop\/wp-json\/wp\/v2\/media?parent=4044"}],"curies":[{"name":"wp","href":"https:\/\/api.w.org\/{rel}","templated":true}]}}