{"id":4531,"date":"2020-12-29T16:12:33","date_gmt":"2020-12-29T15:12:33","guid":{"rendered":"https:\/\/www.quilex-lighting.com\/shop\/?page_id=4531"},"modified":"2020-12-30T11:38:22","modified_gmt":"2020-12-30T10:38:22","slug":"livraison","status":"publish","type":"page","link":"https:\/\/www.quilex-lighting.com\/shop\/livraison\/","title":{"rendered":"Livraison"},"content":{"rendered":"\n<h4 class=\"wp-block-heading\">Forfait livraison 8% du montant du panier et FRANCO 1440\u20acTTC<\/h4>\n\n\n\n<p>Conform\u00e9ment \u00e0 nos CGV voici nos conditions de livraison.<br>Les produits sont factur\u00e9s sur la base des prix indiqu\u00e9s dans l\u2019offre au moment de la commande. Les prix indiqu\u00e9s sont les prix d\u00e9finitifs, toutes taxes comprises au taux l\u00e9gal en vigueur. La marchandise demeure notre propri\u00e9t\u00e9 jusqu\u2019au paiement int\u00e9gral du prix de vente. En cas de vente d\u2019articles Partenaire QUILEX lighting la marchandise demeure la propri\u00e9t\u00e9 du Partenaire QUILEX lighting jusqu\u2019au paiement int\u00e9gral du prix de vente. Toutefois, le transfert de risques a lieu une fois que l\u2019article vous a \u00e9t\u00e9 remis physiquement ou au tiers que vous avez d\u00e9sign\u00e9.<br>Les prix des produits affich\u00e9s sur www.quilex-lighting.com s\u2019entendent hors frais de livraison. En effet, en fonction du montant de votre commande ou de la m\u00e9thode de livraison que vous avez s\u00e9lectionn\u00e9e, les frais de livraison peuvent vous \u00eatre factur\u00e9s.<br>QUILEX lighting met en place un forfait de livraison d&rsquo;un montant de 8% du panier final.<br>QUILEX lighting offre les frais de livraison \u00e0 compter de mille-quatre-cent-quarante euros (1440\u20ac) d\u2019achat, toutes taxes comprise hors frais de livraison express. En de\u00e7\u00e0 de mille-quatre-cent-quarante euros (1440\u20ac) euros d\u2019achat, les frais de livraison seront factur\u00e9s. Ces frais suppl\u00e9mentaires seront pr\u00e9cis\u00e9s lors du processus de paiement et s\u2019ajouteront au montant total \u00e0 payer.<br>Toutefois, selon le lieu o\u00f9 sera exp\u00e9di\u00e9 l\u2019article que vous avez command\u00e9, des frais de livraison longue-distance d\u2019un montant de 3,50\u20ac, tenant compte de la T.V.A., sont susceptibles de s\u2019appliquer. Nous vous informerons avant que votre commande ne soit finalis\u00e9e si des frais de livraison longue-distance s\u2019appliquent \u00e0 l\u2019article que vous avez s\u00e9lectionn\u00e9. Les frais de livraison-longue distance sont pr\u00e9lev\u00e9s et per\u00e7us par QUILEX lighting \/ SARL STAR GARDEN. Si vous d\u00e9cidez de retourner un article pour lequel des frais de livraison longue-distance vous ont \u00e9t\u00e9 factur\u00e9s, nous vous rembourserons ces frais de livraison longue-distance uniquement dans la situation o\u00f9 la totalit\u00e9 de la commande concern\u00e9e est retourn\u00e9e. Les pr\u00e9sentes stipulations s\u2019appliqueront dans la limite de la l\u00e9gislation applicable.<br>Une fois la livraison effectu\u00e9e, vous \u00eates tenu de v\u00e9rifier imm\u00e9diatement si celle-ci est compl\u00e8te et si la marchandise est endommag\u00e9e. D\u2019\u00e9ventuelles r\u00e9clamations doivent \u00eatre adress\u00e9es sans d\u00e9lais \u00e0 la soci\u00e9t\u00e9 de transport. Vous devez \u00e9galement vous assurer que les biens livr\u00e9s correspondent \u00e0 votre commande. En cas de non-conformit\u00e9 des biens \u00e0 la commande, vous devez en informer notre service client par courrier \u00e9lectronique \u00e0 l\u2019adresse info@quilex-lighting.com<\/p>\n","protected":false},"excerpt":{"rendered":"<p>Forfait livraison 8% du montant du panier et FRANCO 1440\u20acTTC Conform\u00e9ment \u00e0 nos CGV voici nos conditions de livraison.Les produits sont factur\u00e9s sur la base des prix indiqu\u00e9s dans l\u2019offre au moment de la commande. Les prix indiqu\u00e9s sont les prix d\u00e9finitifs, toutes taxes comprises au taux l\u00e9gal en vigueur. La marchandise demeure notre propri\u00e9t\u00e9&#8230;<\/p>\n","protected":false},"author":1,"featured_media":0,"parent":0,"menu_order":0,"comment_status":"closed","ping_status":"closed","template":"","meta":{"footnotes":""},"class_list":["post-4531","page","type-page","status-publish","hentry"],"_links":{"self":[{"href":"https:\/\/www.quilex-lighting.com\/shop\/wp-json\/wp\/v2\/pages\/4531","targetHints":{"allow":["GET"]}}],"collection":[{"href":"https:\/\/www.quilex-lighting.com\/shop\/wp-json\/wp\/v2\/pages"}],"about":[{"href":"https:\/\/www.quilex-lighting.com\/shop\/wp-json\/wp\/v2\/types\/page"}],"author":[{"embeddable":true,"href":"https:\/\/www.quilex-lighting.com\/shop\/wp-json\/wp\/v2\/users\/1"}],"replies":[{"embeddable":true,"href":"https:\/\/www.quilex-lighting.com\/shop\/wp-json\/wp\/v2\/comments?post=4531"}],"version-history":[{"count":4,"href":"https:\/\/www.quilex-lighting.com\/shop\/wp-json\/wp\/v2\/pages\/4531\/revisions"}],"predecessor-version":[{"id":4613,"href":"https:\/\/www.quilex-lighting.com\/shop\/wp-json\/wp\/v2\/pages\/4531\/revisions\/4613"}],"wp:attachment":[{"href":"https:\/\/www.quilex-lighting.com\/shop\/wp-json\/wp\/v2\/media?parent=4531"}],"curies":[{"name":"wp","href":"https:\/\/api.w.org\/{rel}","templated":true}]}}