{"id":4535,"date":"2020-12-29T16:13:16","date_gmt":"2020-12-29T15:13:16","guid":{"rendered":"https:\/\/www.quilex-lighting.com\/shop\/?page_id=4535"},"modified":"2020-12-29T18:23:21","modified_gmt":"2020-12-29T17:23:21","slug":"politique-de-confidentialite","status":"publish","type":"page","link":"https:\/\/www.quilex-lighting.com\/shop\/politique-de-confidentialite\/","title":{"rendered":"Politique de confidentialit\u00e9"},"content":{"rendered":"\n<h2 class=\"wp-block-heading\">QUILEX lighting, le respect des r\u00e8gles<\/h2>\n\n\n\n<p>La nouvelle r\u00e8glementation europ\u00e9enne sur la protection des donn\u00e9es personnelles (R\u00e8glement g\u00e9n\u00e9ral sur la protection des donn\u00e9es ou RGPD) devient aujourd\u2019hui applicable dans tous les pays de l\u2019Union europ\u00e9enne.<\/p>\n\n\n\n<p>Cette r\u00e8glementation vise notamment \u00e0 renforcer les droits des personnes (clients\/consommateurs, salari\u00e9s, fournisseurs etc.) et responsabiliser les acteurs traitant des donn\u00e9es personnelles (responsables, sous-traitants) tout en renfor\u00e7ant et harmonisant les pouvoirs des autorit\u00e9s de protection des donn\u00e9es.<\/p>\n\n\n\n<p>L\u2019enjeu pour QUILEX lighting consiste principalement \u00e0 renforcer l\u2019organisation interne pr\u00e9existante pour appr\u00e9hender ces aspects et int\u00e9grer les nouvelles dispositions dans sa politique globale de protection des donn\u00e9es.<\/p>\n\n\n\n<p>Parce que vous nous accordez votre confiance au quotidien, QUILEX lighting s\u2019engage \u00e0 mettre en \u0153uvre l\u2019ensemble des mesures n\u00e9cessaires afin de permettre l\u2019utilisation de vos donn\u00e9es en toute transparence, de mani\u00e8re s\u00e9curis\u00e9e et conforme \u00e0 la nouvelle r\u00e8glementation.<\/p>\n\n\n\n<p>Le pr\u00e9sent site&nbsp;&nbsp;<a href=\"https:\/\/www.quilex-lighting.com\/shop\/\">quilex-lighting.com<\/a>&nbsp;est la propri\u00e9t\u00e9 de la soci\u00e9t\u00e9&nbsp;<em>SARL STARGARDEN, Siret\/ <\/em>79226272700029 <em>APE 8130Z<\/em>&nbsp;dont le si\u00e8ge social se situe au&nbsp;<em>chemin du pr\u00e9 de la Tour 83300 CHATEAUDOUBLE <\/em>, immatricul\u00e9e au Registre du Commerce et des Soci\u00e9t\u00e9s (\u201c RCS \u201d)&nbsp;<em>sous le <\/em>792262727<em> R.C.S <\/em>Draguignan<\/p>\n\n\n\n<p>QUILEX lighting  s\u2019engage \u00e0 prot\u00e9ger la vie priv\u00e9e en ligne des utilisateurs du site web\u00a0<a href=\"https:\/\/www.quilex-lighting.com\/shop\/\">quilex-lighting.com<\/a> . \u00c0 cet effet, la pr\u00e9sente Politique de confidentialit\u00e9 a \u00e9t\u00e9 r\u00e9dig\u00e9e afin de vous permettre de comprendre la politique au regard de votre vie priv\u00e9e, ainsi que la fa\u00e7on dont vos donn\u00e9es personnelles seront trait\u00e9es lorsque vous utiliserez le Site web. La Politique de confidentialit\u00e9 vous fournira \u00e9galement des informations explicites qui vous permettront de consentir en connaissance de cause au traitement de vos donn\u00e9es personnelles, chaque fois qu\u2019un tel traitement s\u2019av\u00e8rera pertinent.<br><br>En g\u00e9n\u00e9ral, les informations et donn\u00e9es que vous transmettez directement \u00e0 QUILEX lighting via le Site web, ou qui sont collect\u00e9es d\u2019une mani\u00e8re ou d\u2019une autre par QUILEX lighting via le Site web, dans le cadre de l\u2019utilisation des services de  QUILEX lighting  (ci-apr\u00e8s, les \u00ab Services \u00bb) seront trait\u00e9es par  QUILEX lighting  dans le respect des r\u00e8gles de droit, d\u2019\u00e9quit\u00e9 et de transparence. \u00c0 ces fins, et conform\u00e9ment \u00e0 ce qui est stipul\u00e9 plus en d\u00e9tail ci-dessous,  QUILEX lighting  prend en consid\u00e9ration des principes reconnus internationalement en mati\u00e8re de traitement des donn\u00e9es.<\/p>\n\n\n\n<p><strong>1. Responsable de la protection des donn\u00e9es<\/strong><\/p>\n\n\n\n<p>Le Responsable de la protection des donn\u00e9es de  QUILEX lighting  peut \u00eatre contact\u00e9 \u00e0 l\u2019adresse \u00e9lectronique suivante :&nbsp;<a href=\"mailto:info@quilex-lighting.com\" target=\"_blank\" rel=\"noreferrer noopener\" aria-label=\" (s\u2019ouvre dans un nouvel onglet)\">info@quilex-lighting.com<\/a><\/p>\n\n\n\n<p><strong>2. Donn\u00e9es personnelles trait\u00e9es<\/strong><\/p>\n\n\n\n<p>Lorsque vous utiliserez le Site web,  QUILEX lighting  collectera et traitera des informations vous concernant (en tant que personne) et permettant de vous identifier, soit lorsqu\u2019elles sont utilis\u00e9es seules, soit lorsqu\u2019elles sont associ\u00e9es \u00e0 d\u2019autres informations ayant \u00e9galement \u00e9t\u00e9 collect\u00e9es.  QUILEX lighting  pourra \u00e9galement \u00eatre amen\u00e9 \u00e0 collecter et traiter des informations relatives \u00e0 des tiers, selon les m\u00eames modalit\u00e9s, si jamais vous d\u00e9cidiez de lui fournir de telles informations.<\/p>\n\n\n\n<p>De telles informations pourront \u00eatre consid\u00e9r\u00e9es comme des \u00ab donn\u00e9es personnelles \u00bb et collect\u00e9es par  QUILEX lighting  lorsque vous les communiquez vous-m\u00eame (par exemple, lorsque vous faites une demande d\u2019information ) afin de pouvoir b\u00e9n\u00e9ficier des Services de  QUILEX lighting  , ou tout simplement via l\u2019analyse de votre comportement sur le Site web.<br>Les donn\u00e9es personnelles pouvant faire l\u2019objet d\u2018un traitement par  QUILEX lighting  via le Site web sont les suivantes :<br><\/p>\n\n\n\n<p><strong>2.1. Nom, informations de contact et autres Donn\u00e9es personnelles<\/strong><\/p>\n\n\n\n<p>Dans diff\u00e9rentes parties du Site web \u2013 notamment, pour les demandes d\u2019informations, de devis, de prise de rendez-vous\u2026\u2013 il vous sera demand\u00e9 de communiquer des informations telles que :<br>* Demandes d\u2019informations, promotions, demande de devis<br>Votre nom, pr\u00e9nom, votre num\u00e9ro de t\u00e9l\u00e9phone, votre adresse e-mail, ville, code postal\u2026<br><\/p>\n\n\n\n<p>En outre, \u00e0 chaque fois que vous ferez une demande sur le Site web, ou que vous communiquerez avec  QUILEX lighting  en utilisant les coordonn\u00e9es de contact figurant sur le Site web,  QUILEX lighting   pourra collecter les informations suppl\u00e9mentaires que vous aurez d\u00e9cid\u00e9 de fournir \u00e0 cette occasion.<\/p>\n\n\n\n<p><strong>2.2. Cat\u00e9gories sp\u00e9ciales de Donn\u00e9es personnelles<\/strong><\/p>\n\n\n\n<p>Certaines zones du Site web incluent des champs de texte libre que vous pourrez utiliser pour transmettre \u00e0  QUILEX lighting des informations suppl\u00e9mentaires ou l\u2019informer de certains besoins. Vous pourrez \u00e9galement mettre ces champs de texte libre \u00e0 profit pour communiquer des Donn\u00e9es personnelles.<\/p>\n\n\n\n<p>Lorsque ces champs textuels permettent de r\u00e9diger de fa\u00e7on compl\u00e8tement libre, vous pourrez les utiliser pour divulguer (m\u00eame par inadvertance) des Donn\u00e9es personnelles relevant de cat\u00e9gories plus sensibles, telles que votre origine raciale ou ethnique, vos opinions politiques ou religieuses, vos convictions philosophiques, votre \u00e9ventuelle adh\u00e9sion \u00e0 un syndicat, etc. Le contenu que vous transmettrez via ces champs pourra \u00e9galement (que ce soit par inadvertance ou non) inclure d\u2019autres types d\u2019informations sensibles se rapportant \u00e0 vous, par exemple, des donn\u00e9es g\u00e9n\u00e9tiques, biom\u00e9triques, ou des donn\u00e9es relatives \u00e0 votre sant\u00e9,.<\/p>\n\n\n\n<p> QUILEX lighting  vous demande de ne divulguer aucune Donn\u00e9e personnelle sensible sur le Site web, \u00e0 moins que vous ne consid\u00e9riez que ce soit absolument n\u00e9cessaire. \u00c9tant donn\u00e9 que la communication de telles informations est compl\u00e8tement optionnelle, si vous les communiquez, sachez que  QUILEX lighting  aura besoin de votre consentement expr\u00e8s pour pouvoir traiter de telles Donn\u00e9es personnelles.  QUILEX lighting  insiste sur l\u2019importance que rev\u00eat votre consentement expr\u00e8s pour lui permettre de traiter des Donn\u00e9es personnelles de ce type si vous d\u00e9cidiez n\u00e9anmoins d\u2019en communiquer.<\/p>\n\n\n\n<p><strong>2.3. Donn\u00e9es personnelles de tierces personnes<\/strong><\/p>\n\n\n\n<p>Comme mentionn\u00e9 dans la section pr\u00e9c\u00e9dente, certaines zones du Site web comportent des champs textuels libres que vous pourrez utiliser pour r\u00e9diger des messages \u00e0 l\u2019attention de  QUILEX lighting   . Ces messages pourront (intentionnellement ou non) inclure des Donn\u00e9es personnelles relatives \u00e0 des tiers.<\/p>\n\n\n\n<p>Dans les cas o\u00f9 vous d\u00e9cideriez de transmettre des Donn\u00e9es personnelles relatives \u00e0 des tiers, vous serez consid\u00e9r\u00e9(e) comme un contr\u00f4leur de donn\u00e9es ind\u00e9pendant, au regard des dites donn\u00e9es personnelles, et vous devrez vous acquitter de toutes les obligations et assumer les responsabilit\u00e9s juridiques aff\u00e9rentes. Cela signifie, entre autres choses, que vous devrez exon\u00e9rer int\u00e9gralement  QUILEX lighting   contre toute plainte, r\u00e9clamation, demande de dommages-int\u00e9r\u00eats qui pourraient d\u00e9couler du traitement de ces donn\u00e9es personnelles et \u00eatre introduites par les tierces parties propri\u00e9taires des informations que vous avez fournies via le Site web.<\/p>\n\n\n\n<p>Consid\u00e9rant que  QUILEX lighting   ne collecte pas directement ces informations aupr\u00e8s des tierces parties concern\u00e9es (elles sont plut\u00f4t collect\u00e9es indirectement aupr\u00e8s de vous), vous devrez vous assurer d\u2019avoir obtenu le consentement de ces tierces parties avant de communiquer la moindre information \u00e0 leur sujet \u00e0  QUILEX lighting . \u00c0 d\u00e9faut, vous devrez vous assurer qu\u2019il existe un autre terrain juridique sur lequel vous fonder afin de transmettre ces informations \u00e0  QUILEX lighting  en toute l\u00e9galit\u00e9.<br><\/p>\n\n\n\n<p><strong>2.4. Donn\u00e9es de navigation<\/strong><\/p>\n\n\n\n<p>L\u2019exploitation du Site web, \u00e0 l\u2019instar des autres sites Internet, implique de recourir \u00e0 des syst\u00e8mes informatiques et proc\u00e9dures logicielles qui collectent des informations sur les utilisateurs, dans le cadre de leurs op\u00e9rations de routine. Bien que  QUILEX lighting  ne collecte pas ces informations dans le but de les corr\u00e9ler avec des utilisateurs sp\u00e9cifiques, il reste n\u00e9anmoins possible d\u2019identifier lesdits utilisateurs, soit directement, via ces informations ; soit indirectement, en utilisant d\u2019autres informations collect\u00e9es \u2013 lesquelles doivent alors \u00eatre \u00e9galement consid\u00e9r\u00e9es comme des donn\u00e9es personnelles.<\/p>\n\n\n\n<p>Ces informations renferment diff\u00e9rents param\u00e8tres relatifs \u00e0 votre syst\u00e8me d\u2019exploitation et votre environnement informatique, notamment votre adresse IP, le pays o\u00f9 vous vous trouvez, les noms de domaine de votre ordinateur, l\u2019URI (Uniform Resource Identifier, ou identifiant uniforme de ressource) de l\u2019adresse des ressources pour lesquelles vous avez envoy\u00e9 une requ\u00eate sur le Site web, l\u2019heure \u00e0 laquelle les requ\u00eates ont \u00e9t\u00e9 fa\u00eetes, la m\u00e9thode utilis\u00e9e pour envoyer des requ\u00eates au serveur, les dimensions du fichier obtenu en r\u00e9ponse \u00e0 une requ\u00eate, le code num\u00e9rique indiquant le statut de la r\u00e9ponse envoy\u00e9e par le serveur (r\u00e9ussite, erreur, etc.), entre autres.<\/p>\n\n\n\n<p>Ces donn\u00e9es sont utilis\u00e9es pour compiler des informations statistiques sur l\u2019utilisation du Site web et pour s\u2019assurer du bon fonctionnement du Site web et identifier les erreurs ou utilisations abusives dont il pourrait faire l\u2019objet.<\/p>\n\n\n\n<p><strong>3. Finalit\u00e9s du traitement<\/strong><\/p>\n\n\n\n<p> QUILEX lighting  utilise vos Donn\u00e9es personnelles collect\u00e9es sur le Site web aux fins suivantes :<\/p>\n\n\n\n<ul class=\"wp-block-list\"><li>Afin de v\u00e9rifier votre identit\u00e9 et l\u2019envoi des informations que vous nous auriez express\u00e9ment demand\u00e9es : essai sur route, devis, commande ou toute autre information dont vous auriez besoin et afin de vous fournir les autres Services que vous pourriez demander (ci-apr\u00e8s, \u00ab les Prestations de services \u00bb)<\/li><li>En pr\u00e9vision d\u2019actions marketing, promotionnelles et publicitaires futures concernant les produits et services de  QUILEX lighting  ou ceux de tierces parties s\u00e9lectionn\u00e9es (ci-apr\u00e8s le \u00ab Marketing \u00bb), notamment pour nous permettre de r\u00e9aliser nos \u00e9tudes et enqu\u00eates de marketing par e-mail, SMS, t\u00e9l\u00e9phone, messages instantan\u00e9s, banni\u00e8res, via un op\u00e9rateur tiers, par courrier traditionnel ou via les pages de  QUILEX lighting sur les r\u00e9seaux sociaux<\/li><li>Dans un souci de conformit\u00e9 juridique, laquelle impose \u00e0 QUILEX lighting  de collecter ou de soumettre \u00e0 un traitement particulier certains types de donn\u00e9es personnelles (ci-apr\u00e8s, la \u00ab Conformit\u00e9 \u00bb)<\/li><li>Afin de pr\u00e9venir et d\u00e9tecter toute utilisation abusive du Site web ou activit\u00e9(s) frauduleuse(s) men\u00e9es via le Site web (ci-apr\u00e8s, \u00ab Utilisation abusive ou frauduleuse \u00bb).<br><\/li><\/ul>\n\n\n\n<p><strong>4. Terrain juridique et nature obligatoire ou discr\u00e9tionnaire du traitement<\/strong><\/p>\n\n\n\n<p> QUILEX lighting se base sur les dispositions de la Section 3 pour traiter vos Donn\u00e9es personnelles et sur les finalit\u00e9s qui y sont identifi\u00e9es, \u00e0 savoir :<\/p>\n\n\n\n<ul class=\"wp-block-list\"><li>La Prestation de service : le traitement \u00e0 de telles fins est n\u00e9cessaire pour fournir les Services. Vous n\u2019\u00eates pas tenu(e) de communiquer vos donn\u00e9es personnelles \u00e0  QUILEX lighting  \u00e0 de telles fins. Toutefois, si vous ne le faites pas,  QUILEX lighting  ne sera pas en mesure de vous fournir ses Services.<\/li><li>Le Marketing : le traitement \u00e0 de telles fins repose sur votre consentement. Vous n\u2019\u00eates pas tenu(e) de donner votre consentement \u00e0  QUILEX lighting  pour l\u2019utilisation de vos donn\u00e9es personnelles \u00e0 de telles fins et vous n\u2019aurez \u00e0 d\u00e9plorer aucune cons\u00e9quence si vous ne le donnez pas (si ce n\u2019est que vous ne pourrez plus recevoir de communications marketing de  QUILEX lighting . Tout consentement donn\u00e9 pourra \u00eatre retir\u00e9 ult\u00e9rieurement (veuillez consulter la Section 8 pour de plus amples informations).<\/li><li>Le Profilage : le traitement \u00e0 de telles fins repose sur votre consentement, lequel aura \u00e9t\u00e9 recueilli au moyen de cookies et \/ ou si vous avez coch\u00e9 une case sp\u00e9cifique \u00e0 cet effet. Vous n\u2019\u00eates pas tenu(e) de donner votre consentement \u00e0  QUILEX lighting  pour l\u2019utilisation de vos donn\u00e9es personnelles \u00e0 cette fin et vous n\u2019aurez \u00e0 d\u00e9plorer aucune cons\u00e9quence si vous ne le donnez pas (si ce n\u2019est que vous ne pourrez plus b\u00e9n\u00e9ficier des avantages offerts par une meilleure personnalisation de votre exp\u00e9rience sur le Site web). Tout consentement donn\u00e9 pourra \u00eatre retir\u00e9 ult\u00e9rieurement (veuillez consulter la Section 8 pour de plus amples informations).<\/li><li>La Conformit\u00e9 : le traitement \u00e0 cette fin est n\u00e9cessaire pour permettre \u00e0  QUILEX lighting  de se conformer \u00e0 ses obligations l\u00e9gales. Lorsque vous transmettez des donn\u00e9es personnelles \u00e0  QUILEX lighting , QUILEX lighting  se doit de les traiter dans le respect des lois applicables, ce qui peut impliquer la r\u00e9tention et la divulgation de ces donn\u00e9es personnelles aux autorit\u00e9s comp\u00e9tentes en mati\u00e8re fiscale, douani\u00e8re ou autre, en fonction des obligations l\u00e9gales concern\u00e9es.<\/li><li>L\u2019Utilisation abusive ou frauduleuse : les informations recueillies \u00e0 ces fins seront exclusivement utilis\u00e9es afin de pr\u00e9venir et d\u00e9tecter les activit\u00e9s frauduleuses sur le Site web ou utilisations abusives du Site web.<br><\/li><\/ul>\n\n\n\n<p><strong>5. Destinataires des donn\u00e9es personnelles<\/strong><\/p>\n\n\n\n<p>Vos donn\u00e9es personnelles pourront \u00eatre transmises aux personnes physiques ou morales charg\u00e9es du traitement de vos demandes (ci-apr\u00e8s, les \u00ab Destinataires \u00bb) :<\/p>\n\n\n\n<ul class=\"wp-block-list\"><li>les personnes autoris\u00e9es par  QUILEX lighting \u00e0 traiter les donn\u00e9es personnelles requises pour r\u00e9pondre \u00e0 vos demandes.<\/li><li>nos prestataires engag\u00e9s nous fournissant l\u2019h\u00e9bergement du site Web, nous assurant la gestion des demandes via une plateforme.<\/li><li>les personnes autoris\u00e9es \u00e0 effectuer une maintenance technique (y compris la maintenance des \u00e9quipements de r\u00e9seau et des r\u00e9seaux de communications)<\/li><li>les organismes publics, instances \u00e9tatiques ou autorit\u00e9s auxquels vos donn\u00e9es personnelles pourront \u00eatre divulgu\u00e9es, soit parce que la loi l\u2019impose, soit parce que de tels organismes, instances ou autorit\u00e9s l\u2019auront exig\u00e9.<br><\/li><\/ul>\n\n\n\n<p><strong>6. R\u00e9tention des donn\u00e9es personnelles<\/strong><\/p>\n\n\n\n<p>Les donn\u00e9es personnelles trait\u00e9es dans le cadre de la Prestation de Service seront conserv\u00e9es par  QUILEX lighting pendant une dur\u00e9e jug\u00e9e strictement n\u00e9cessaire \u00e0 cette finalit\u00e9 soit :<\/p>\n\n\n\n<ul class=\"wp-block-list\"><li>1 an pour les candidatures li\u00e9es aux offres d\u2019emplois et spontan\u00e9es<\/li><li>10 ans pour toutes les autres demandes&nbsp;<\/li><\/ul>\n\n\n\n<p>Dans tous les cas,  QUILEX lighting pourra continuer \u00e0 les stocker pendant une p\u00e9riode plus longue si une telle mesure s\u2019av\u00e8re n\u00e9cessaire \u00e0 la protection de ses int\u00e9r\u00eats, eu \u00e9gard \u00e0 une responsabilit\u00e9 pouvant d\u00e9couler de la Prestation de Services.<\/p>\n\n\n\n<p>Les donn\u00e9es personnelles trait\u00e9es \u00e0 des fins de Marketing et de Profilage seront conserv\u00e9es par  QUILEX lighting pendant toute la p\u00e9riode d\u00e9butant au moment o\u00f9 vous donnerez votre consentement et s\u2019achevant avec le retrait dudit consentement, et ce, pendant toutes les p\u00e9riodes o\u00f9 ce consentement aura \u00e9t\u00e9 renouvel\u00e9, s\u2019il est renouvel\u00e9 \u00e0 intervalles r\u00e9guliers. D\u00e8s lors que votre consentement est retir\u00e9, les donn\u00e9es personnelles ne pourront plus \u00eatre utilis\u00e9es \u00e0 ces fins, bien que pouvant \u00eatre conserv\u00e9es par  QUILEX lighting, en particulier, si cela s\u2019av\u00e8re n\u00e9cessaire pour prot\u00e9ger ses int\u00e9r\u00eats, eu \u00e9gard \u00e0 une responsabilit\u00e9 pouvant d\u00e9couler de la Prestation de Services.<br><br>Les donn\u00e9es personnelles trait\u00e9es \u00e0 des fins de Conformit\u00e9 seront conserv\u00e9es par  QUILEX lighting pendant toute la p\u00e9riode requise par l\u2019obligation l\u00e9gale sp\u00e9cifique en pr\u00e9sence ou par la loi applicable.<br>Les donn\u00e9es personnelles trait\u00e9es afin de pr\u00e9venir toute Utilisation abusive ou frauduleuse seront conserv\u00e9es par  QUILEX lighting aussi longtemps que cela sera jug\u00e9 n\u00e9cessaire \u00e0 la finalit\u00e9 qui a motiv\u00e9 leur collecte.<br><\/p>\n\n\n\n<p><strong>7. Droits des personnes concern\u00e9es<\/strong><\/p>\n\n\n\n<p>Aux termes de la r\u00e9glementation en vigueur, en tant que propri\u00e9taire des donn\u00e9es, vous \u00eates autoris\u00e9(e) \u00e0 exercer \u00e0 tout moment les droits suivants :<\/p>\n\n\n\n<ul class=\"wp-block-list\"><li>Demander \u00e0 avoir acc\u00e8s \u00e0 vos donn\u00e9es personnelles faisant l\u2019objet d\u2019un traitement par  QUILEX lighting , ainsi qu\u2019aux informations relatives au traitement de vos donn\u00e9es personnelles<\/li><li>Demander \u00e0 corriger ou mettre \u00e0 jour vos donn\u00e9es personnelles faisant l\u2019objet d\u2019un traitement par  QUILEX lighting <\/li><li>Demander la suppression de vos Donn\u00e9es personnelles faisant l\u2019objet d\u2019un traitement par Carma-Auto Demander la limitation du traitement de vos Donn\u00e9es personnelles<\/li><li>Exercer votre droit de transf\u00e9rabilit\u00e9 : le droit d\u2019obtenir une copie des donn\u00e9es personnelles qui ont \u00e9t\u00e9 transmises \u00e0  QUILEX lighting , sous un format structur\u00e9, couramment utilis\u00e9 et compatible avec les machines, ainsi que la transmission de ces donn\u00e9es personnelles<\/li><li>Vous opposer au traitement de vos donn\u00e9es personnelles<\/li><li>Retirer votre consentement au traitement de vos donn\u00e9es personnelles (\u00e0 des fins de Marketing et de Profilage).<\/li><\/ul>\n\n\n\n<p>Vous pouvez \u00e0 tout moment exercer vos droits \u00e9nonc\u00e9s plus haut en envoyant une demande \u00e9crite dans ce sens \u00e0  QUILEX lighting, <\/p>\n\n\n\n<ul class=\"wp-block-list\"><li> soit par courrier \u00e9lectronique \u00e0 l\u2019adresse mail suivante :&nbsp;<a href=\"mailto:dpo@carma-auto.fr\"> info@quilex-lighting.com <\/a>en joignant une copie de votre titre d\u2019identit\u00e9. <\/li><li> soit par courrier postal adress\u00e9&nbsp; \u00e0 QUILEX lighting Responsable Protection des Donn\u00e9es<em>, chemin du pr\u00e9 de la Tour 83300 CHATEADOUBLE,<\/em>&nbsp;en effectuant une demande \u00e9crite et sign\u00e9e, accompagn\u00e9e d\u2019une copie de votre titre d\u2019identit\u00e9 avec signature, en pr\u00e9cisant l\u2019adresse \u00e0 laquelle la r\u00e9ponse doit \u00eatre envoy\u00e9e. <\/li><\/ul>\n\n\n\n<p>Conform\u00e9ment aux articles L.223.1 et suivants du code de la consommation, si vous ne souhaitez plus \u00eatre d\u00e9march\u00e9 par t\u00e9l\u00e9phone, vous pouvez inscrire \u00e0 tout moment le num\u00e9ro de t\u00e9l\u00e9phone que vous avez communiqu\u00e9 sur le site QUILEX lighting sur la liste d\u2019opposition au d\u00e9marchage t\u00e9l\u00e9phonique par internet www.bloctel.gouv.fr ou par courrier en \u00e9crivant \u00e0 : Soci\u00e9t\u00e9 Opposetel, Service Bloctel, 6 rue Nicolas Siret 10000 Troyes. Cette inscription est gratuite et valable trois (3) ans, mais, pour r\u00e9pondre \u00e0 sa demande,  QUILEX lighting  pourra le contacter pendant un d\u00e9lai de trois (3) mois \u00e0 compter de la date de la demande.<\/p>\n\n\n\n<p><strong>8. Amendements<\/strong><\/p>\n\n\n\n<p>La pr\u00e9sente Politique de confidentialit\u00e9 prend effet \u00e0 compter du 1er janvier 2021.  QUILEX lighting  se r\u00e9serve le droit de modifier la pr\u00e9sente Politique de confidentialit\u00e9 en totalit\u00e9 ou en partie, ou d\u2019actualiser son contenu si le droit applicable devait \u00eatre modifi\u00e9.\u00a0 QUILEX lighting vous informera de tels changements aussit\u00f4t qu\u2019ils seront annonc\u00e9s et ils auront force de droit d\u00e8s leur publication sur le Site web.\u00a0<br>QUILEX lighting  vous invite \u00e0 consulter r\u00e9guli\u00e8rement cette Politique de confidentialit\u00e9 afin d\u2019en conna\u00eetre les mises \u00e0 jour les plus r\u00e9centes et pouvoir ainsi \u00eatre inform\u00e9(e) en permanence de la fa\u00e7on dont  QUILEX lighting  collecte et utilise vos donn\u00e9es personnelles.<br><\/p>\n\n\n\n<p><\/p>\n","protected":false},"excerpt":{"rendered":"<p>QUILEX lighting, le respect des r\u00e8gles La nouvelle r\u00e8glementation europ\u00e9enne sur la protection des donn\u00e9es personnelles (R\u00e8glement g\u00e9n\u00e9ral sur la protection des donn\u00e9es ou RGPD) devient aujourd\u2019hui applicable dans tous les pays de l\u2019Union europ\u00e9enne. Cette r\u00e8glementation vise notamment \u00e0 renforcer les droits des personnes (clients\/consommateurs, salari\u00e9s, fournisseurs etc.) et responsabiliser les acteurs traitant des&#8230;<\/p>\n","protected":false},"author":1,"featured_media":0,"parent":0,"menu_order":0,"comment_status":"closed","ping_status":"closed","template":"","meta":{"footnotes":""},"class_list":["post-4535","page","type-page","status-publish","hentry"],"_links":{"self":[{"href":"https:\/\/www.quilex-lighting.com\/shop\/wp-json\/wp\/v2\/pages\/4535","targetHints":{"allow":["GET"]}}],"collection":[{"href":"https:\/\/www.quilex-lighting.com\/shop\/wp-json\/wp\/v2\/pages"}],"about":[{"href":"https:\/\/www.quilex-lighting.com\/shop\/wp-json\/wp\/v2\/types\/page"}],"author":[{"embeddable":true,"href":"https:\/\/www.quilex-lighting.com\/shop\/wp-json\/wp\/v2\/users\/1"}],"replies":[{"embeddable":true,"href":"https:\/\/www.quilex-lighting.com\/shop\/wp-json\/wp\/v2\/comments?post=4535"}],"version-history":[{"count":4,"href":"https:\/\/www.quilex-lighting.com\/shop\/wp-json\/wp\/v2\/pages\/4535\/revisions"}],"predecessor-version":[{"id":4588,"href":"https:\/\/www.quilex-lighting.com\/shop\/wp-json\/wp\/v2\/pages\/4535\/revisions\/4588"}],"wp:attachment":[{"href":"https:\/\/www.quilex-lighting.com\/shop\/wp-json\/wp\/v2\/media?parent=4535"}],"curies":[{"name":"wp","href":"https:\/\/api.w.org\/{rel}","templated":true}]}}