{"id":4616,"date":"2020-12-30T11:49:29","date_gmt":"2020-12-30T10:49:29","guid":{"rendered":"https:\/\/www.quilex-lighting.com\/shop\/?page_id=4616"},"modified":"2021-01-04T13:00:55","modified_gmt":"2021-01-04T12:00:55","slug":"kooduu","status":"publish","type":"page","link":"https:\/\/www.quilex-lighting.com\/shop\/kooduu\/","title":{"rendered":"KOODUU"},"content":{"rendered":"\n<figure class=\"wp-block-image size-large is-resized\"><img loading=\"lazy\" decoding=\"async\" src=\"https:\/\/www.quilex-lighting.com\/shop\/wp-content\/uploads\/2021\/01\/Kooduu-1024x475.jpg\" alt=\"\" class=\"wp-image-4745\" width=\"1200\" height=\"556\" srcset=\"https:\/\/www.quilex-lighting.com\/shop\/wp-content\/uploads\/2021\/01\/Kooduu-1024x475.jpg 1024w, https:\/\/www.quilex-lighting.com\/shop\/wp-content\/uploads\/2021\/01\/Kooduu-300x139.jpg 300w, https:\/\/www.quilex-lighting.com\/shop\/wp-content\/uploads\/2021\/01\/Kooduu-768x356.jpg 768w, https:\/\/www.quilex-lighting.com\/shop\/wp-content\/uploads\/2021\/01\/Kooduu-1536x712.jpg 1536w, https:\/\/www.quilex-lighting.com\/shop\/wp-content\/uploads\/2021\/01\/Kooduu-600x278.jpg 600w, https:\/\/www.quilex-lighting.com\/shop\/wp-content\/uploads\/2021\/01\/Kooduu.jpg 1920w\" sizes=\"auto, (max-width: 1200px) 100vw, 1200px\" \/><\/figure>\n\n\n<h4>\u00a0<\/h4>\n<h4>\u00a0<\/h4>\n<h2 style=\"text-align: left;\">Originalit\u00e9 &amp; mobilit\u00e9\u00a0<\/h2>\n<p>Kooduu est une marque de style de vie f\u00e9d\u00e9ratrice. En effet ces produits d&rsquo;inspiration nordique uniques ont pour vocations de rassembler les gens. autour de la lumi\u00e8re, de la musique. Cette jeune entreprise n\u00e9erlandaise-danoise a \u00e9t\u00e9 cr\u00e9\u00e9e en 2017 sur la base de l&rsquo;unit\u00e9, du bonheur, de l&rsquo;ambiance positive, du confort, de l&rsquo;innovation et du sourire sur les visages.<br \/>Ces produits bien qu&rsquo;innovant ont un rapport qualit\u00e9 prix tr\u00e8s appr\u00e9ciables. Leur originalit\u00e9 a \u00e9t\u00e9 d&rsquo;abord d\u00e9montr\u00e9e dans les produits Synergy de Kooduu. Un combo haut-parleur Bluetooth\u00a0 avec lumi\u00e8re LED et un compartiment multifonctionnel souvent utilis\u00e9 en sceau \u00e0 champagne pour un effet chic et convivial tr\u00e8s appr\u00e9ci\u00e9.<\/p>\n<h2 style=\"text-align: left;\">Convivialit\u00e9<\/h2>\n<p>En s&rsquo;appuyant sur une expression danoise \u00ab\u00a0hygge\u00a0\u00bb, signifiant amusement et convivialit\u00e9, les produits Kooduu, en plus de rassembler les gens, visent \u00e0 apporter ce fameux sens de \u00abhygge\u00bb, par excellence. Vous pourrez vous retrouver entre amis ou en famille dans une atmosph\u00e8re de confort ou la joie de vivre r\u00e8gne.\u00a0<\/p>\n<h2 style=\"text-align: left;\">\u00c9quipe n\u00e9erlandaise \/ danoise<\/h2>\n<p>Kooduu a son si\u00e8ge \u00e0 Haarlem, aux Pays-Bas. L&rsquo;entreprise emploie plus de vingt personnes et est dirig\u00e9e par une \u00e9quipe n\u00e9erlandaise \/ danoise.<\/p>\n\n\n<div class=\"wp-block-group\"><div class=\"wp-block-group__inner-container is-layout-flow wp-block-group-is-layout-flow\">\n<figure class=\"wp-block-image size-large is-resized\"><a href=\"https:\/\/www.quilex-lighting.com\/shop\/produit\/synegrie-35-pro-kooduu-son-lumiere-sceau-a-champagne\/\" target=\"_blank\" rel=\"noreferrer noopener\"><img decoding=\"async\" src=\"https:\/\/www.quilex-lighting.com\/shop\/wp-content\/uploads\/2021\/01\/181018_Autumn_Girl-at-Dock-1024x683.jpg\" alt=\"\" class=\"wp-image-4810\" width=\"1200\" srcset=\"https:\/\/www.quilex-lighting.com\/shop\/wp-content\/uploads\/2021\/01\/181018_Autumn_Girl-at-Dock-1024x683.jpg 1024w, https:\/\/www.quilex-lighting.com\/shop\/wp-content\/uploads\/2021\/01\/181018_Autumn_Girl-at-Dock-300x200.jpg 300w, https:\/\/www.quilex-lighting.com\/shop\/wp-content\/uploads\/2021\/01\/181018_Autumn_Girl-at-Dock-768x512.jpg 768w, https:\/\/www.quilex-lighting.com\/shop\/wp-content\/uploads\/2021\/01\/181018_Autumn_Girl-at-Dock-1536x1024.jpg 1536w, https:\/\/www.quilex-lighting.com\/shop\/wp-content\/uploads\/2021\/01\/181018_Autumn_Girl-at-Dock-2048x1365.jpg 2048w, https:\/\/www.quilex-lighting.com\/shop\/wp-content\/uploads\/2021\/01\/181018_Autumn_Girl-at-Dock-600x400.jpg 600w\" sizes=\"(max-width: 1024px) 100vw, 1024px\" \/><\/a><\/figure>\n<\/div><\/div>\n\n\n\n<div class=\"wp-block-columns is-layout-flex wp-container-core-columns-is-layout-9d6595d7 wp-block-columns-is-layout-flex\">\n<div class=\"wp-block-column is-layout-flow wp-block-column-is-layout-flow\">\n<figure class=\"wp-block-image size-large is-resized\"><img decoding=\"async\" src=\"https:\/\/www.quilex-lighting.com\/shop\/wp-content\/uploads\/2021\/01\/Lite-up-Earth-mood-2-1024x681.jpg\" alt=\"\" class=\"wp-image-4811\" width=\"600\" srcset=\"https:\/\/www.quilex-lighting.com\/shop\/wp-content\/uploads\/2021\/01\/Lite-up-Earth-mood-2-1024x681.jpg 1024w, https:\/\/www.quilex-lighting.com\/shop\/wp-content\/uploads\/2021\/01\/Lite-up-Earth-mood-2-300x200.jpg 300w, https:\/\/www.quilex-lighting.com\/shop\/wp-content\/uploads\/2021\/01\/Lite-up-Earth-mood-2-768x511.jpg 768w, https:\/\/www.quilex-lighting.com\/shop\/wp-content\/uploads\/2021\/01\/Lite-up-Earth-mood-2-1536x1021.jpg 1536w, https:\/\/www.quilex-lighting.com\/shop\/wp-content\/uploads\/2021\/01\/Lite-up-Earth-mood-2-600x399.jpg 600w, https:\/\/www.quilex-lighting.com\/shop\/wp-content\/uploads\/2021\/01\/Lite-up-Earth-mood-2.jpg 2000w\" sizes=\"(max-width: 1024px) 100vw, 1024px\" \/><\/figure>\n\n\n\n<figure class=\"wp-block-image size-large is-resized\"><img loading=\"lazy\" decoding=\"async\" src=\"https:\/\/www.quilex-lighting.com\/shop\/wp-content\/uploads\/2021\/01\/Lite-up-Sky-Blue-mood-5-1024x683.jpg\" alt=\"\" class=\"wp-image-4813\" width=\"600\" height=\"343\"\/><\/figure>\n<\/div>\n\n\n\n<div class=\"wp-block-column is-layout-flow wp-block-column-is-layout-flow\">\n<figure class=\"wp-block-image size-large\"><a href=\"https:\/\/www.quilex-lighting.com\/shop\/produit\/lite-up-play-enceinte-bluetooth-et-lampe-sans-fil-kooduu\/\" target=\"_blank\" rel=\"noreferrer noopener\"><img loading=\"lazy\" decoding=\"async\" width=\"819\" height=\"1024\" src=\"https:\/\/www.quilex-lighting.com\/shop\/wp-content\/uploads\/2021\/01\/EF3F1643-A692-4E96-BA3F-74015D9739FB-819x1024.jpg\" alt=\"\" class=\"wp-image-4812\" srcset=\"https:\/\/www.quilex-lighting.com\/shop\/wp-content\/uploads\/2021\/01\/EF3F1643-A692-4E96-BA3F-74015D9739FB-819x1024.jpg 819w, https:\/\/www.quilex-lighting.com\/shop\/wp-content\/uploads\/2021\/01\/EF3F1643-A692-4E96-BA3F-74015D9739FB-240x300.jpg 240w, https:\/\/www.quilex-lighting.com\/shop\/wp-content\/uploads\/2021\/01\/EF3F1643-A692-4E96-BA3F-74015D9739FB-768x960.jpg 768w, https:\/\/www.quilex-lighting.com\/shop\/wp-content\/uploads\/2021\/01\/EF3F1643-A692-4E96-BA3F-74015D9739FB-1229x1536.jpg 1229w, https:\/\/www.quilex-lighting.com\/shop\/wp-content\/uploads\/2021\/01\/EF3F1643-A692-4E96-BA3F-74015D9739FB-1638x2048.jpg 1638w, https:\/\/www.quilex-lighting.com\/shop\/wp-content\/uploads\/2021\/01\/EF3F1643-A692-4E96-BA3F-74015D9739FB-600x750.jpg 600w, https:\/\/www.quilex-lighting.com\/shop\/wp-content\/uploads\/2021\/01\/EF3F1643-A692-4E96-BA3F-74015D9739FB.jpg 1944w\" sizes=\"auto, (max-width: 819px) 100vw, 819px\" \/><\/a><\/figure>\n<\/div>\n<\/div>\n\n\n\n<figure class=\"wp-block-image size-large is-resized\"><a href=\"https:\/\/www.quilex-lighting.com\/shop\/produit\/lite-up-play-enceinte-bluetooth-et-lampe-sans-fil-kooduu\/\" target=\"_blank\" rel=\"noreferrer noopener\"><img decoding=\"async\" src=\"https:\/\/www.quilex-lighting.com\/shop\/wp-content\/uploads\/2021\/01\/Lite-up-Play-Petroleum-mood-2-1024x683.jpg\" alt=\"\" class=\"wp-image-4814\" width=\"1200\" srcset=\"https:\/\/www.quilex-lighting.com\/shop\/wp-content\/uploads\/2021\/01\/Lite-up-Play-Petroleum-mood-2-1024x683.jpg 1024w, https:\/\/www.quilex-lighting.com\/shop\/wp-content\/uploads\/2021\/01\/Lite-up-Play-Petroleum-mood-2-300x200.jpg 300w, https:\/\/www.quilex-lighting.com\/shop\/wp-content\/uploads\/2021\/01\/Lite-up-Play-Petroleum-mood-2-768x512.jpg 768w, https:\/\/www.quilex-lighting.com\/shop\/wp-content\/uploads\/2021\/01\/Lite-up-Play-Petroleum-mood-2-1536x1024.jpg 1536w, https:\/\/www.quilex-lighting.com\/shop\/wp-content\/uploads\/2021\/01\/Lite-up-Play-Petroleum-mood-2-2048x1365.jpg 2048w, https:\/\/www.quilex-lighting.com\/shop\/wp-content\/uploads\/2021\/01\/Lite-up-Play-Petroleum-mood-2-600x400.jpg 600w\" sizes=\"(max-width: 1024px) 100vw, 1024px\" \/><\/a><\/figure>\n\n\n\n<div class=\"wp-block-columns is-layout-flex wp-container-core-columns-is-layout-9d6595d7 wp-block-columns-is-layout-flex\">\n<div class=\"wp-block-column is-layout-flow wp-block-column-is-layout-flow\" style=\"flex-basis:66.66%\">\n<figure class=\"wp-block-image size-large\"><a href=\"https:\/\/www.quilex-lighting.com\/shop\/produit\/synergie-65-pro-kooduu-son-lumiere-glaciere\/\" target=\"_blank\" rel=\"noreferrer noopener\"><img loading=\"lazy\" decoding=\"async\" width=\"1024\" height=\"1024\" src=\"https:\/\/www.quilex-lighting.com\/shop\/wp-content\/uploads\/2021\/01\/DSC_8696-Edit-1024x1024.jpg\" alt=\"\" class=\"wp-image-4815\" srcset=\"https:\/\/www.quilex-lighting.com\/shop\/wp-content\/uploads\/2021\/01\/DSC_8696-Edit-1024x1024.jpg 1024w, https:\/\/www.quilex-lighting.com\/shop\/wp-content\/uploads\/2021\/01\/DSC_8696-Edit-300x300.jpg 300w, https:\/\/www.quilex-lighting.com\/shop\/wp-content\/uploads\/2021\/01\/DSC_8696-Edit-150x150.jpg 150w, https:\/\/www.quilex-lighting.com\/shop\/wp-content\/uploads\/2021\/01\/DSC_8696-Edit-768x768.jpg 768w, https:\/\/www.quilex-lighting.com\/shop\/wp-content\/uploads\/2021\/01\/DSC_8696-Edit-600x600.jpg 600w, https:\/\/www.quilex-lighting.com\/shop\/wp-content\/uploads\/2021\/01\/DSC_8696-Edit-100x100.jpg 100w, https:\/\/www.quilex-lighting.com\/shop\/wp-content\/uploads\/2021\/01\/DSC_8696-Edit.jpg 1080w\" sizes=\"auto, (max-width: 1024px) 100vw, 1024px\" \/><\/a><\/figure>\n<\/div>\n\n\n\n<div class=\"wp-block-column is-layout-flow wp-block-column-is-layout-flow\" style=\"flex-basis:33.33%\">\n<figure class=\"wp-block-image size-large is-resized\"><a href=\"https:\/\/www.quilex-lighting.com\/shop\/produit\/synergie-65-pro-kooduu-son-lumiere-glaciere\/\" target=\"_blank\" rel=\"noreferrer noopener\"><img loading=\"lazy\" decoding=\"async\" src=\"https:\/\/www.quilex-lighting.com\/shop\/wp-content\/uploads\/2021\/01\/2-Synergys-outside-1024x683.jpg\" alt=\"\" class=\"wp-image-4816\" width=\"582\" height=\"389\" srcset=\"https:\/\/www.quilex-lighting.com\/shop\/wp-content\/uploads\/2021\/01\/2-Synergys-outside-1024x683.jpg 1024w, https:\/\/www.quilex-lighting.com\/shop\/wp-content\/uploads\/2021\/01\/2-Synergys-outside-300x200.jpg 300w, https:\/\/www.quilex-lighting.com\/shop\/wp-content\/uploads\/2021\/01\/2-Synergys-outside-768x512.jpg 768w, https:\/\/www.quilex-lighting.com\/shop\/wp-content\/uploads\/2021\/01\/2-Synergys-outside-1536x1024.jpg 1536w, https:\/\/www.quilex-lighting.com\/shop\/wp-content\/uploads\/2021\/01\/2-Synergys-outside-2048x1365.jpg 2048w, https:\/\/www.quilex-lighting.com\/shop\/wp-content\/uploads\/2021\/01\/2-Synergys-outside-600x400.jpg 600w\" sizes=\"auto, (max-width: 582px) 100vw, 582px\" \/><\/a><\/figure>\n\n\n\n<figure class=\"wp-block-image size-large is-resized\"><a href=\"https:\/\/www.quilex-lighting.com\/shop\/produit\/synergie-50-pro-kooduu-son-lumiere-glaciere\/\" target=\"_blank\" rel=\"noreferrer noopener\"><img loading=\"lazy\" decoding=\"async\" src=\"https:\/\/www.quilex-lighting.com\/shop\/wp-content\/uploads\/2021\/01\/DSC_9919-Edit-1024x1024.jpg\" alt=\"\" class=\"wp-image-4817\" width=\"587\" height=\"587\" srcset=\"https:\/\/www.quilex-lighting.com\/shop\/wp-content\/uploads\/2021\/01\/DSC_9919-Edit-1024x1024.jpg 1024w, https:\/\/www.quilex-lighting.com\/shop\/wp-content\/uploads\/2021\/01\/DSC_9919-Edit-300x300.jpg 300w, https:\/\/www.quilex-lighting.com\/shop\/wp-content\/uploads\/2021\/01\/DSC_9919-Edit-150x150.jpg 150w, https:\/\/www.quilex-lighting.com\/shop\/wp-content\/uploads\/2021\/01\/DSC_9919-Edit-768x768.jpg 768w, https:\/\/www.quilex-lighting.com\/shop\/wp-content\/uploads\/2021\/01\/DSC_9919-Edit-600x600.jpg 600w, https:\/\/www.quilex-lighting.com\/shop\/wp-content\/uploads\/2021\/01\/DSC_9919-Edit-100x100.jpg 100w, https:\/\/www.quilex-lighting.com\/shop\/wp-content\/uploads\/2021\/01\/DSC_9919-Edit.jpg 1080w\" sizes=\"auto, (max-width: 587px) 100vw, 587px\" \/><\/a><\/figure>\n<\/div>\n<\/div>\n\n\n\n<figure class=\"wp-block-image size-large is-resized\"><a href=\"https:\/\/www.quilex-lighting.com\/shop\/produit\/synergie-65-pro-kooduu-son-lumiere-glaciere\/\" target=\"_blank\" rel=\"noreferrer noopener\"><img decoding=\"async\" src=\"https:\/\/www.quilex-lighting.com\/shop\/wp-content\/uploads\/2021\/01\/180619_Kooduu_Summer-Rooftop_Edit_v3-1-1024x683.jpg\" alt=\"\" class=\"wp-image-4819\" width=\"1200\" srcset=\"https:\/\/www.quilex-lighting.com\/shop\/wp-content\/uploads\/2021\/01\/180619_Kooduu_Summer-Rooftop_Edit_v3-1-1024x683.jpg 1024w, https:\/\/www.quilex-lighting.com\/shop\/wp-content\/uploads\/2021\/01\/180619_Kooduu_Summer-Rooftop_Edit_v3-1-300x200.jpg 300w, https:\/\/www.quilex-lighting.com\/shop\/wp-content\/uploads\/2021\/01\/180619_Kooduu_Summer-Rooftop_Edit_v3-1-768x512.jpg 768w, https:\/\/www.quilex-lighting.com\/shop\/wp-content\/uploads\/2021\/01\/180619_Kooduu_Summer-Rooftop_Edit_v3-1-1536x1024.jpg 1536w, https:\/\/www.quilex-lighting.com\/shop\/wp-content\/uploads\/2021\/01\/180619_Kooduu_Summer-Rooftop_Edit_v3-1-2048x1365.jpg 2048w, https:\/\/www.quilex-lighting.com\/shop\/wp-content\/uploads\/2021\/01\/180619_Kooduu_Summer-Rooftop_Edit_v3-1-600x400.jpg 600w\" sizes=\"(max-width: 1024px) 100vw, 1024px\" \/><\/a><figcaption>Group of friends having a terrace party<\/figcaption><\/figure>\n\n\n\n<p><\/p>\n","protected":false},"excerpt":{"rendered":"<p>\u00a0 \u00a0 Originalit\u00e9 &amp; mobilit\u00e9\u00a0 Kooduu est une marque de style de vie f\u00e9d\u00e9ratrice. En effet ces produits d&rsquo;inspiration nordique uniques ont pour vocations de rassembler les gens. autour de la lumi\u00e8re, de la musique. Cette jeune entreprise n\u00e9erlandaise-danoise a \u00e9t\u00e9 cr\u00e9\u00e9e en 2017 sur la base de l&rsquo;unit\u00e9, du bonheur, de l&rsquo;ambiance positive, du&#8230;<\/p>\n","protected":false},"author":2,"featured_media":0,"parent":0,"menu_order":0,"comment_status":"closed","ping_status":"closed","template":"","meta":{"footnotes":""},"class_list":["post-4616","page","type-page","status-publish","hentry"],"_links":{"self":[{"href":"https:\/\/www.quilex-lighting.com\/shop\/wp-json\/wp\/v2\/pages\/4616","targetHints":{"allow":["GET"]}}],"collection":[{"href":"https:\/\/www.quilex-lighting.com\/shop\/wp-json\/wp\/v2\/pages"}],"about":[{"href":"https:\/\/www.quilex-lighting.com\/shop\/wp-json\/wp\/v2\/types\/page"}],"author":[{"embeddable":true,"href":"https:\/\/www.quilex-lighting.com\/shop\/wp-json\/wp\/v2\/users\/2"}],"replies":[{"embeddable":true,"href":"https:\/\/www.quilex-lighting.com\/shop\/wp-json\/wp\/v2\/comments?post=4616"}],"version-history":[{"count":14,"href":"https:\/\/www.quilex-lighting.com\/shop\/wp-json\/wp\/v2\/pages\/4616\/revisions"}],"predecessor-version":[{"id":4854,"href":"https:\/\/www.quilex-lighting.com\/shop\/wp-json\/wp\/v2\/pages\/4616\/revisions\/4854"}],"wp:attachment":[{"href":"https:\/\/www.quilex-lighting.com\/shop\/wp-json\/wp\/v2\/media?parent=4616"}],"curies":[{"name":"wp","href":"https:\/\/api.w.org\/{rel}","templated":true}]}}