{"id":2916,"date":"2020-04-06T12:58:28","date_gmt":"2020-04-06T10:58:28","guid":{"rendered":"https:\/\/www.quilex-lighting.com\/shop\/?post_type=product&#038;p=2916"},"modified":"2024-04-29T18:55:53","modified_gmt":"2024-04-29T16:55:53","slug":"applique-murale-big-cubid-12v-1w-in-lite","status":"publish","type":"product","link":"https:\/\/www.quilex-lighting.com\/shop\/produit\/applique-murale-big-cubid-12v-1w-in-lite\/","title":{"rendered":"Applique Murale BIG CUBID in-lite 12V\/1W"},"content":{"rendered":"<h3>Description du produit<\/h3>\n<h5>Applique murale led<\/h5>\n<p>Le luminaire applique murale BIG CUBID LED est en aluminium. Cette applique diffuse une lumi\u00e8re concentr\u00e9e blanche et chaude, caract\u00e9ristique des produits In-lite. L&rsquo;applique murale LED BIG CUBID convient pour \u00e9clairer par exemple les palissades, les murs et les pergolas.<\/p>\n<h3>Caract\u00e9ristique du produit<\/h3>\n<p><img loading=\"lazy\" decoding=\"async\" class=\"wp-image-3210 aligncenter\" src=\"https:\/\/www.quilex-lighting.com\/shop\/wp-content\/uploads\/2020\/04\/caract\u00e9ristique-BIG-CUBID.jpg\" alt=\"\" width=\"719\" height=\"393\" \/><\/p>\n<p>&nbsp;<\/p>\n<p style=\"text-align: center;\"><a class=\"savoirplus\" href=\"https:\/\/www.quilex-lighting.com\/shop\/wp-content\/uploads\/2020\/04\/Fiche-produit-Big-Cubid-Dark-1.pdf\" target=\"_blank\" rel=\"noopener noreferrer\"><strong>T\u00e9l\u00e9charger la fiche compl\u00e8te<\/strong><\/a><\/p>\n","protected":false},"excerpt":{"rendered":"<p>Applique murale cubique en aluminium gris fonc\u00e9. Donne une lumi\u00e8re blanche chaude. BIG CUBID convient pour \u00e9clairer, par exemple, les cl\u00f4tures, les murs et les pergolas.<\/p>\n","protected":false},"featured_media":3461,"template":"","meta":[],"class_list":{"0":"post-2916","1":"product","2":"type-product","3":"status-publish","4":"has-post-thumbnail","6":"product_cat-appliques","8":"first","9":"instock","10":"taxable","11":"shipping-taxable","12":"purchasable","13":"product-type-simple"},"_links":{"self":[{"href":"https:\/\/www.quilex-lighting.com\/shop\/wp-json\/wp\/v2\/product\/2916","targetHints":{"allow":["GET"]}}],"collection":[{"href":"https:\/\/www.quilex-lighting.com\/shop\/wp-json\/wp\/v2\/product"}],"about":[{"href":"https:\/\/www.quilex-lighting.com\/shop\/wp-json\/wp\/v2\/types\/product"}],"wp:featuredmedia":[{"embeddable":true,"href":"https:\/\/www.quilex-lighting.com\/shop\/wp-json\/wp\/v2\/media\/3461"}],"wp:attachment":[{"href":"https:\/\/www.quilex-lighting.com\/shop\/wp-json\/wp\/v2\/media?parent=2916"}],"curies":[{"name":"wp","href":"https:\/\/api.w.org\/{rel}","templated":true}]}}