{"id":3138,"date":"2020-04-17T19:18:25","date_gmt":"2020-04-17T17:18:25","guid":{"rendered":"https:\/\/www.quilex-lighting.com\/shop\/?post_type=product&#038;p=3138"},"modified":"2024-04-29T18:55:52","modified_gmt":"2024-04-29T16:55:52","slug":"transformateur-basse-tension-smart-hub-150","status":"publish","type":"product","link":"https:\/\/www.quilex-lighting.com\/shop\/produit\/transformateur-basse-tension-smart-hub-150\/","title":{"rendered":"SMART HUB 150VA 12V in-lite"},"content":{"rendered":"<h3>Description du produit<\/h3>\n<h5>Le point de d\u00e9part d&rsquo;une installation In-lite : le transformateur HUB<\/h5>\n<p>Le SMART HUB-150 est un transformateur derni\u00e8re g\u00e9n\u00e9ration de la marque In-lite. Un produit design, sobre et abouti technologiquement. Sa valeur d&rsquo;installation est de 150 VA. Ce transformateur basse tension et est \u00e9quip\u00e9 de trois entr\u00e9es de c\u00e2ble pilotable individuellement. Chaque d\u00e9part pourra correspondre \u00e0 un r\u00e9seau d&rsquo;\u00e9clairage du jardin et \u00eatre ainsi programm\u00e9 via l&rsquo;application Bluetooth Low Energy d\u00e9velopp\u00e9e pour les t\u00e9l\u00e9phones iOS et Android.<\/p>\n<h3>Fonctions principales<\/h3>\n<p>&#8211; Fonctionnement par application Bluetooth In-lite<br \/>\n&#8211; Trois entr\u00e9es de c\u00e2bles<br \/>\n&#8211; Marche \/ arr\u00eat manuel et auto<br \/>\n&#8211; Commutation au moyen du capteur de g\u00e9olocalisation<br \/>\n&#8211; D\u00e9tecteur de mouvement SMART MOVE en option<\/p>\n<h3>Caract\u00e9ristique du produit<\/h3>\n<p>Longueur : 230 mm<br \/>\nLargeur : 140 mm<br \/>\nHauteur : 80 mm<br \/>\nTension : 12 V<br \/>\nValeur d&rsquo;installation : 150 VA<\/p>\n<p><img loading=\"lazy\" decoding=\"async\" class=\"wp-image-3210 aligncenter\" src=\"https:\/\/www.quilex-lighting.com\/shop\/wp-content\/uploads\/2020\/10\/montage-type-eclairage-basse-tension-In-lite.jpg\" alt=\"\" width=\"789\" height=\"393\" \/><\/p>\n<p>&nbsp;<\/p>\n<p style=\"text-align: center;\"><a class=\"savoirplus\" href=\"https:\/\/www.quilex-lighting.com\/shop\/wp-content\/uploads\/2020\/10\/SMART-HUB-150_0.pdf\" target=\"_blank\" rel=\"noopener noreferrer\"><strong>T\u00e9l\u00e9charger la fiche compl\u00e8te<\/strong><\/a><\/p>\n","protected":false},"excerpt":{"rendered":"<p>Le transformateur In-lite derni\u00e8re g\u00e9n\u00e9ration Bluetooth <\/p>\n","protected":false},"featured_media":3840,"template":"","meta":[],"class_list":{"0":"post-3138","1":"product","2":"type-product","3":"status-publish","4":"has-post-thumbnail","6":"product_cat-transformateurs-accessoires","8":"first","9":"instock","10":"taxable","11":"shipping-taxable","12":"purchasable","13":"product-type-simple"},"_links":{"self":[{"href":"https:\/\/www.quilex-lighting.com\/shop\/wp-json\/wp\/v2\/product\/3138","targetHints":{"allow":["GET"]}}],"collection":[{"href":"https:\/\/www.quilex-lighting.com\/shop\/wp-json\/wp\/v2\/product"}],"about":[{"href":"https:\/\/www.quilex-lighting.com\/shop\/wp-json\/wp\/v2\/types\/product"}],"wp:featuredmedia":[{"embeddable":true,"href":"https:\/\/www.quilex-lighting.com\/shop\/wp-json\/wp\/v2\/media\/3840"}],"wp:attachment":[{"href":"https:\/\/www.quilex-lighting.com\/shop\/wp-json\/wp\/v2\/media?parent=3138"}],"curies":[{"name":"wp","href":"https:\/\/api.w.org\/{rel}","templated":true}]}}