{"id":3179,"date":"2020-04-20T16:46:45","date_gmt":"2020-04-20T14:46:45","guid":{"rendered":"https:\/\/www.quilex-lighting.com\/shop\/?post_type=product&#038;p=3179"},"modified":"2024-04-29T18:55:52","modified_gmt":"2024-04-29T16:55:52","slug":"casquette-shield-1-mini-scope-in-lite","status":"publish","type":"product","link":"https:\/\/www.quilex-lighting.com\/shop\/produit\/casquette-shield-1-mini-scope-in-lite\/","title":{"rendered":"Casquette SHIELD 1 in-lite"},"content":{"rendered":"<h3>Description du produit<\/h3>\n<h5>Visi\u00e8re pour MINI SCOPE<\/h5>\n<p>L&rsquo;\u00e9cran ou visi\u00e8re SHIELD 1 in-lite permet de cacher le flux lumineux du spot MINI SCOPE et DUO MINI SCOPE sur un c\u00f4t\u00e9 choisi pour \u00e9viter d&rsquo;\u00eatre \u00e9bloui. En fonction de la configuration de l\u2019installation d&rsquo;\u00e9clairage le SHIELD 1 est une option confort qui s&rsquo;offre \u00e0 vous.<\/p>\n<h3>Caract\u00e9ristique du produit<\/h3>\n<p>Longueur : 25 mm<br \/>\nDiam\u00e8tre : 46 mm<\/p>\n","protected":false},"excerpt":{"rendered":"<p>L&rsquo;\u00e9cran ou visi\u00e8re SHIELD 1 in-lite permet de cacher le flux lumineux du spot MINI SCOPE .<\/p>\n","protected":false},"featured_media":3799,"template":"","meta":[],"class_list":{"0":"post-3179","1":"product","2":"type-product","3":"status-publish","4":"has-post-thumbnail","6":"product_cat-transformateurs-accessoires","8":"first","9":"instock","10":"taxable","11":"shipping-taxable","12":"purchasable","13":"product-type-simple"},"_links":{"self":[{"href":"https:\/\/www.quilex-lighting.com\/shop\/wp-json\/wp\/v2\/product\/3179","targetHints":{"allow":["GET"]}}],"collection":[{"href":"https:\/\/www.quilex-lighting.com\/shop\/wp-json\/wp\/v2\/product"}],"about":[{"href":"https:\/\/www.quilex-lighting.com\/shop\/wp-json\/wp\/v2\/types\/product"}],"wp:featuredmedia":[{"embeddable":true,"href":"https:\/\/www.quilex-lighting.com\/shop\/wp-json\/wp\/v2\/media\/3799"}],"wp:attachment":[{"href":"https:\/\/www.quilex-lighting.com\/shop\/wp-json\/wp\/v2\/media?parent=3179"}],"curies":[{"name":"wp","href":"https:\/\/api.w.org\/{rel}","templated":true}]}}