{"id":3182,"date":"2020-04-20T17:47:53","date_gmt":"2020-04-20T15:47:53","guid":{"rendered":"https:\/\/www.quilex-lighting.com\/shop\/?post_type=product&#038;p=3182"},"modified":"2024-04-29T18:55:52","modified_gmt":"2024-04-29T16:55:52","slug":"spot-scope-in-lite-update","status":"publish","type":"product","link":"https:\/\/www.quilex-lighting.com\/shop\/produit\/spot-scope-in-lite-update\/","title":{"rendered":"Spot SCOPE in-lite 12V\/3W"},"content":{"rendered":"<h3>Description du produit<\/h3>\n<h5>Spot led jardin pour grands sujets port\u00e9e 8m<\/h5>\n<p>Le spot LED de jardin SCOPE est le spot id\u00e9al pour \u00e9clairer les arbres ou sujets de grandes hauteurs (environ 8m). Une puissance de 3W et un angle d&rsquo;\u00e9clairage de 25\u00b0. Vous d\u00e9couvrirez les nombreux accessoires qui font de ce produit d\u2019\u00e9clairage LED, un spot de jardin efficace et design.<\/p>\n<h3>Caract\u00e9ristique du produit<\/h3>\n<p><img loading=\"lazy\" decoding=\"async\" class=\"wp-image-3210 aligncenter\" src=\"https:\/\/www.quilex-lighting.com\/shop\/wp-content\/uploads\/2020\/10\/mod\u00e8le-caract\u00e9ristique-fiche-Scope.jpg\" alt=\"\" width=\"719\" height=\"393\" \/><\/p>\n<p>&nbsp;<\/p>\n<p style=\"text-align: center;\"><a class=\"savoirplus\" href=\"https:\/\/www.quilex-lighting.com\/shop\/wp-content\/uploads\/2020\/10\/Fiche-produit-Scope-New.pdf\" target=\"_blank\" rel=\"noopener noreferrer\"><strong>T\u00e9l\u00e9charger la fiche compl\u00e8te<\/strong><\/a><\/p>\n","protected":false},"excerpt":{"rendered":"<p>Le projecteur led 3W  SCOPE in-lite comme son fr\u00e8re le BIG SCOPE va vous enchanter<!--more--><\/p>\n","protected":false},"featured_media":3737,"template":"","meta":[],"class_list":{"0":"post-3182","1":"product","2":"type-product","3":"status-publish","4":"has-post-thumbnail","6":"product_cat-spots-exterieur-jardin","8":"first","9":"instock","10":"taxable","11":"shipping-taxable","12":"purchasable","13":"product-type-simple"},"_links":{"self":[{"href":"https:\/\/www.quilex-lighting.com\/shop\/wp-json\/wp\/v2\/product\/3182","targetHints":{"allow":["GET"]}}],"collection":[{"href":"https:\/\/www.quilex-lighting.com\/shop\/wp-json\/wp\/v2\/product"}],"about":[{"href":"https:\/\/www.quilex-lighting.com\/shop\/wp-json\/wp\/v2\/types\/product"}],"wp:featuredmedia":[{"embeddable":true,"href":"https:\/\/www.quilex-lighting.com\/shop\/wp-json\/wp\/v2\/media\/3737"}],"wp:attachment":[{"href":"https:\/\/www.quilex-lighting.com\/shop\/wp-json\/wp\/v2\/media?parent=3182"}],"curies":[{"name":"wp","href":"https:\/\/api.w.org\/{rel}","templated":true}]}}