{"id":3229,"date":"2020-04-22T15:17:39","date_gmt":"2020-04-22T13:17:39","guid":{"rendered":"https:\/\/www.quilex-lighting.com\/shop\/?post_type=product&#038;p=3229"},"modified":"2024-04-29T18:55:28","modified_gmt":"2024-04-29T16:55:28","slug":"spot-led-jardin-12v-grands-sujets-big-scope-narrow-in-lite","status":"publish","type":"product","link":"https:\/\/www.quilex-lighting.com\/shop\/produit\/spot-led-jardin-12v-grands-sujets-big-scope-narrow-in-lite\/","title":{"rendered":"Spot BIG SCOPE NARROW in-lite 12V\/5W"},"content":{"rendered":"<h3>Description du produit<\/h3>\n<h5>Spot led jardin pour grands sujets \u00e9lanc\u00e9s<\/h5>\n<p>Le spot LED de jardin BIG SCOPE NARROW est le spot id\u00e9al pour \u00e9clairer les arbres ou sujets de grandes hauteurs mais surtout \u00e9troits (\u00e9clairer des cypr\u00e8s par ex.). Une puissance de 5W et pourtant une port\u00e9e d&rsquo;\u00e9clairage jusqu&rsquo;\u00e0 14m\u00e8tres due \u00e0 un faisceau \u00e9troit de 14\u00b0. Vous d\u00e9couvrirez les nombreux accessoires qui font de ce produit d\u2019\u00e9clairage LED, un spot de jardin efficace et design.<\/p>\n<h3>Caract\u00e9ristique du produit<\/h3>\n<p><img loading=\"lazy\" decoding=\"async\" class=\"wp-image-3210 aligncenter\" src=\"https:\/\/www.quilex-lighting.com\/shop\/wp-content\/uploads\/2020\/04\/Aper\u00e7u-fiche-1.png\" alt=\"\" width=\"719\" height=\"393\" \/><\/p>\n<p>&nbsp;<\/p>\n<p style=\"text-align: center;\"><a class=\"savoirplus\" href=\"https:\/\/www.quilex-lighting.com\/shop\/wp-content\/uploads\/2020\/04\/Fiche-produit-Big-Scope-Narrow-new-2.pdf\" target=\"_blank\" rel=\"noopener noreferrer\"><strong>T\u00e9l\u00e9charger la fiche compl\u00e8te<\/strong><\/a><\/p>\n","protected":false},"excerpt":{"rendered":"<p>Le projecteur led 5W BIG SCOPE NARROW in-lite comme son fr\u00e8re le BIG SCOPE va vous enchanter, 14m de haut et un faisceau \u00e9troit.<\/p>\n","protected":false},"featured_media":3514,"template":"","meta":[],"class_list":{"0":"post-3229","1":"product","2":"type-product","3":"status-publish","4":"has-post-thumbnail","6":"product_cat-spots-exterieur-jardin","8":"first","9":"instock","10":"taxable","11":"shipping-taxable","12":"purchasable","13":"product-type-simple"},"_links":{"self":[{"href":"https:\/\/www.quilex-lighting.com\/shop\/wp-json\/wp\/v2\/product\/3229","targetHints":{"allow":["GET"]}}],"collection":[{"href":"https:\/\/www.quilex-lighting.com\/shop\/wp-json\/wp\/v2\/product"}],"about":[{"href":"https:\/\/www.quilex-lighting.com\/shop\/wp-json\/wp\/v2\/types\/product"}],"wp:featuredmedia":[{"embeddable":true,"href":"https:\/\/www.quilex-lighting.com\/shop\/wp-json\/wp\/v2\/media\/3514"}],"wp:attachment":[{"href":"https:\/\/www.quilex-lighting.com\/shop\/wp-json\/wp\/v2\/media?parent=3229"}],"curies":[{"name":"wp","href":"https:\/\/api.w.org\/{rel}","templated":true}]}}