{"id":3256,"date":"2020-04-22T19:13:22","date_gmt":"2020-04-22T17:13:22","guid":{"rendered":"https:\/\/www.quilex-lighting.com\/shop\/?post_type=product&#038;p=3256"},"modified":"2024-04-29T18:55:28","modified_gmt":"2024-04-29T16:55:28","slug":"barrette-led-evo-hyde-550-dark-in-lite-12v","status":"publish","type":"product","link":"https:\/\/www.quilex-lighting.com\/shop\/produit\/barrette-led-evo-hyde-550-dark-in-lite-12v\/","title":{"rendered":"Barrette LED EVO HYDE 550 DARK in-lite 12V\/2W"},"content":{"rendered":"<h3>Description du produit<\/h3>\n<h5>Barrette Led 55cm 2W<\/h5>\n<p>Vous pouvez placer la barrette led EVO HYDE en \u00e9clairage indirect sous les marches d\u2019escalier, les passerelles, balustrades et murets. Son \u00e9clairage est diffus et fonctionnel. Vous pourrez optez pour sa petite s\u0153ur en 18cm de longueur.<br \/>\nLa gamme est EVO est le reflet d&rsquo;une qualit\u00e9 sup\u00e9rieure. Des produits modernes et sobres, r\u00e9alis\u00e9s en aluminium anodis\u00e9 gris fonc\u00e9. Gr\u00e2ce \u00e0 la source lumineuse LED de haute qualit\u00e9 et \u00e0 sa lentille avec structure \u00ab diamond cut \u00bb, les barrettes led ext\u00e9rieures EVO assurent un bel \u00e9clairage diffus avec un excellent rendu des couleurs (IRC).<\/p>\n<h3>Caract\u00e9ristique du produit<\/h3>\n<p><img loading=\"lazy\" decoding=\"async\" class=\"wp-image-3210 aligncenter\" src=\"https:\/\/www.quilex-lighting.com\/shop\/wp-content\/uploads\/2020\/10\/mod\u00e8le-caract\u00e9ristique-fiche-Evo-hyde-550.jpg\" alt=\"\" width=\"719\" height=\"393\" \/><\/p>\n<p>&nbsp;<\/p>\n<p style=\"text-align: center;\"><a class=\"savoirplus\" href=\"https:\/\/www.quilex-lighting.com\/shop\/wp-content\/uploads\/2020\/10\/Fiche-produit-Evo-Hyde-550-Dark.pdf\" target=\"_blank\" rel=\"noopener noreferrer\"><strong>T\u00e9l\u00e9charger la fiche compl\u00e8te<\/strong><\/a><\/p>\n","protected":false},"excerpt":{"rendered":"<p>La barrette Led Evo Hyde 550 la petite touche discr\u00e8te qui fait la diff\u00e9rence en \u00e9clairage indirect.<!--more--><\/p>\n","protected":false},"featured_media":3600,"template":"","meta":[],"class_list":{"0":"post-3256","1":"product","2":"type-product","3":"status-publish","4":"has-post-thumbnail","6":"product_cat-appliques","7":"product_cat-encastrables-balises","8":"product_cat-spots-exterieur-jardin","10":"first","11":"instock","12":"taxable","13":"shipping-taxable","14":"purchasable","15":"product-type-simple"},"_links":{"self":[{"href":"https:\/\/www.quilex-lighting.com\/shop\/wp-json\/wp\/v2\/product\/3256","targetHints":{"allow":["GET"]}}],"collection":[{"href":"https:\/\/www.quilex-lighting.com\/shop\/wp-json\/wp\/v2\/product"}],"about":[{"href":"https:\/\/www.quilex-lighting.com\/shop\/wp-json\/wp\/v2\/types\/product"}],"wp:featuredmedia":[{"embeddable":true,"href":"https:\/\/www.quilex-lighting.com\/shop\/wp-json\/wp\/v2\/media\/3600"}],"wp:attachment":[{"href":"https:\/\/www.quilex-lighting.com\/shop\/wp-json\/wp\/v2\/media?parent=3256"}],"curies":[{"name":"wp","href":"https:\/\/api.w.org\/{rel}","templated":true}]}}