{"id":3260,"date":"2020-08-29T17:52:43","date_gmt":"2020-08-29T15:52:43","guid":{"rendered":"https:\/\/www.quilex-lighting.com\/shop\/?post_type=product&#038;p=3260"},"modified":"2024-04-29T18:53:03","modified_gmt":"2024-04-29T16:53:03","slug":"luminaire-applique-murale-led-12v-cubid","status":"publish","type":"product","link":"https:\/\/www.quilex-lighting.com\/shop\/produit\/luminaire-applique-murale-led-12v-cubid\/","title":{"rendered":"Applique murale CUBID in-lite 12V\/0.6W"},"content":{"rendered":"<h3>Description du produit<\/h3>\n<h5>Applique murale design moins d&rsquo;1 w<\/h5>\n<p>Vous rechercher une applique murale ext\u00e9rieur led discr\u00e8te et efficace, vous l&rsquo;avez trouv\u00e9e. L&rsquo;applique murale led CUBID en aluminium assure une ambiance lumineuse chaleureuse (2850K) avec moins d&rsquo;1w. Cette applique s&rsquo;installera au tour d&rsquo;une terrasse en \u00e9clairage d&rsquo;ambiance ou bien encore sur une palissade afin de d\u00e9limiter esth\u00e9tiquement les limites du jardin.<\/p>\n<h3>Caract\u00e9ristique du produit<\/h3>\n<p><img loading=\"lazy\" decoding=\"async\" class=\"wp-image-3210 aligncenter\" src=\"https:\/\/www.quilex-lighting.com\/shop\/wp-content\/uploads\/2020\/08\/Caract\u00e9ristique-Cubid.jpg\" alt=\"\" width=\"719\" height=\"393\" \/><\/p>\n<p style=\"text-align: center;\"><a class=\"savoirplus\" href=\"https:\/\/www.quilex-lighting.com\/shop\/wp-content\/uploads\/2020\/08\/Fiche-produit-Cubid.pdf\" target=\"_blank\" rel=\"noopener noreferrer\"><strong>T\u00e9l\u00e9charger la fiche compl\u00e8te<\/strong><\/a><\/p>\n","protected":false},"excerpt":{"rendered":"<p>Applique murale CUBID LED en aluminium diffuse une lumi\u00e8re blanche chaude. Le luminaire LED applique CUBID convient pour \u00e9clairer, par exemple, les cl\u00f4tures, les murs et les pergolas.<\/p>\n","protected":false},"featured_media":3453,"template":"","meta":[],"class_list":{"0":"post-3260","1":"product","2":"type-product","3":"status-publish","4":"has-post-thumbnail","6":"product_cat-appliques","8":"first","9":"instock","10":"taxable","11":"shipping-taxable","12":"purchasable","13":"product-type-variable"},"_links":{"self":[{"href":"https:\/\/www.quilex-lighting.com\/shop\/wp-json\/wp\/v2\/product\/3260","targetHints":{"allow":["GET"]}}],"collection":[{"href":"https:\/\/www.quilex-lighting.com\/shop\/wp-json\/wp\/v2\/product"}],"about":[{"href":"https:\/\/www.quilex-lighting.com\/shop\/wp-json\/wp\/v2\/types\/product"}],"wp:featuredmedia":[{"embeddable":true,"href":"https:\/\/www.quilex-lighting.com\/shop\/wp-json\/wp\/v2\/media\/3453"}],"wp:attachment":[{"href":"https:\/\/www.quilex-lighting.com\/shop\/wp-json\/wp\/v2\/media?parent=3260"}],"curies":[{"name":"wp","href":"https:\/\/api.w.org\/{rel}","templated":true}]}}