{"id":3270,"date":"2020-08-29T15:12:31","date_gmt":"2020-08-29T13:12:31","guid":{"rendered":"https:\/\/www.quilex-lighting.com\/shop\/?post_type=product&#038;p=3270"},"modified":"2024-04-29T18:55:28","modified_gmt":"2024-04-29T16:55:28","slug":"spot-encastrable-led-jardin-big-flux-black-in-lite","status":"publish","type":"product","link":"https:\/\/www.quilex-lighting.com\/shop\/produit\/spot-encastrable-led-jardin-big-flux-black-in-lite\/","title":{"rendered":"Spot encastrable BIG FLUX in-lite 12V\/3W"},"content":{"rendered":"<h3>Description du produit<\/h3>\n<h5>Encastr\u00e9 de sol pour grands sujets<\/h5>\n<p>Le spot encastr\u00e9 de sol LED basse tension BIG FLUX pr\u00e9sente un angle lumineux de 26 degr\u00e9s et une port\u00e9e de 7,5 m\u00e8tres de haut. Le spot led BIG FLUX est donc le luminaire id\u00e9al pour l&rsquo;\u00e9clairage de grands arbres ou larges fa\u00e7ades. Ce spot peut \u00eatre install\u00e9 dans des caillebotis, une terrasse bois en encastr\u00e9 de sol<br \/>\nLe +++ du spot led BIG FLUX est qu&rsquo;il peut tout \u00e0 fait se combiner avec l\u2019accessoire SPIKE. Gr\u00e2ce \u00e0 ce piquet de terre, vous pouvez facilement installer le BIG FLUX dans un sol meuble comme la terre, le gravier ou l\u2019herbe.<\/p>\n<p><strong>Remarque: il s&rsquo;agit d&rsquo;un produit 12V, pour connecter et installer ce produit, vous avez besoin un\u00a0<a href=\"https:\/\/www.quilex-lighting.com\/shop\/produit\/transformateur-hub-50-va-12v-in-lite\/\">HUB<\/a> 50 minimum d\u2019in-lite et un c\u00e2ble 12V d\u2019in-lite.<\/strong><\/p>\n<h3>Caract\u00e9ristique du produit<\/h3>\n<p><img loading=\"lazy\" decoding=\"async\" class=\"wp-image-3210 aligncenter\" src=\"https:\/\/www.quilex-lighting.com\/shop\/wp-content\/uploads\/2020\/08\/carat\u00e9ristique-BIG-FLUX.jpg\" alt=\"\" width=\"719\" height=\"393\" \/><\/p>\n<p style=\"text-align: center;\"><a class=\"savoirplus\" href=\"https:\/\/www.quilex-lighting.com\/shop\/wp-content\/uploads\/2020\/08\/Fiche-produit-Big-Flux-1.pdf\" target=\"_blank\" rel=\"noopener noreferrer\"><strong>T\u00e9l\u00e9charger la fiche compl\u00e8te<\/strong><\/a><\/p>\n","protected":false},"excerpt":{"rendered":"<p>Encastr\u00e9 de sol LED 3W pour les grands sujet d&rsquo;\u00e9clairage avec une option piquet \u00e0 planter pour les sols meubles. Un super produit<!--more--><\/p>\n","protected":false},"featured_media":3685,"template":"","meta":[],"class_list":{"0":"post-3270","1":"product","2":"type-product","3":"status-publish","4":"has-post-thumbnail","6":"product_cat-encastrables-balises","7":"product_cat-spots-exterieur-jardin","9":"first","10":"instock","11":"taxable","12":"shipping-taxable","13":"purchasable","14":"product-type-variable"},"_links":{"self":[{"href":"https:\/\/www.quilex-lighting.com\/shop\/wp-json\/wp\/v2\/product\/3270","targetHints":{"allow":["GET"]}}],"collection":[{"href":"https:\/\/www.quilex-lighting.com\/shop\/wp-json\/wp\/v2\/product"}],"about":[{"href":"https:\/\/www.quilex-lighting.com\/shop\/wp-json\/wp\/v2\/types\/product"}],"wp:featuredmedia":[{"embeddable":true,"href":"https:\/\/www.quilex-lighting.com\/shop\/wp-json\/wp\/v2\/media\/3685"}],"wp:attachment":[{"href":"https:\/\/www.quilex-lighting.com\/shop\/wp-json\/wp\/v2\/media?parent=3270"}],"curies":[{"name":"wp","href":"https:\/\/api.w.org\/{rel}","templated":true}]}}