{"id":3272,"date":"2020-08-29T15:25:53","date_gmt":"2020-08-29T13:25:53","guid":{"rendered":"https:\/\/www.quilex-lighting.com\/shop\/?post_type=product&#038;p=3272"},"modified":"2024-04-29T18:55:27","modified_gmt":"2024-04-29T16:55:27","slug":"borne-lumineuse-led-evo-low-dark-in-lite","status":"publish","type":"product","link":"https:\/\/www.quilex-lighting.com\/shop\/produit\/borne-lumineuse-led-evo-low-dark-in-lite\/","title":{"rendered":"Borne Lumineuse EVO LOW DARK in-lite 12V\/2W"},"content":{"rendered":"<h3>Description du produit<\/h3>\n<h5>Borne styl\u00e9e et sobre<\/h5>\n<p>La borne lumineuse d\u2019\u00e9clairage ext\u00e9rieur EVO LOW DARK, plus petite que sa grande soeur la EVO DARK, 36cm, apporte un style diff\u00e9rent et unique \u00e0 votre jardin. La borne d&rsquo;\u00e9clairage de jardin id\u00e9ale pour \u00e9clairer une all\u00e9e. Son optique apporte beaucoup de lumi\u00e8re sans aveugler gr\u00e2ce \u00e0 un diffuseur de grande qualit\u00e9 \u00ab\u00a0diamond cut\u00a0\u00bb. La sobri\u00e9t\u00e9 de cette borne d&rsquo;\u00e9clairage vous s\u00e9duira certainement.<\/p>\n<h3>Caract\u00e9ristique du produit<\/h3>\n<p><img loading=\"lazy\" decoding=\"async\" class=\"wp-image-3210 aligncenter\" src=\"https:\/\/www.quilex-lighting.com\/shop\/wp-content\/uploads\/2020\/10\/mod\u00e8le-caract\u00e9ristique-fiche-Evo-Low.jpg\" alt=\"\" width=\"719\" height=\"393\" \/><\/p>\n<p>&nbsp;<\/p>\n<p style=\"text-align: center;\"><a class=\"savoirplus\" href=\"https:\/\/www.quilex-lighting.com\/shop\/wp-content\/uploads\/2020\/10\/Fiche-produit-Evo-Low-Dark.pdf\" target=\"_blank\" rel=\"noopener noreferrer\"><strong>T\u00e9l\u00e9charger la fiche compl\u00e8te<\/strong><\/a><\/p>\n","protected":false},"excerpt":{"rendered":"<p>Borne d&rsquo;\u00e9clairage de jardin sobre au diffuseur anti \u00e9blouissement <!--more--><\/p>\n","protected":false},"featured_media":4101,"template":"","meta":[],"class_list":{"0":"post-3272","1":"product","2":"type-product","3":"status-publish","4":"has-post-thumbnail","6":"product_cat-bornes-eclairage","8":"first","9":"instock","10":"taxable","11":"shipping-taxable","12":"purchasable","13":"product-type-simple"},"_links":{"self":[{"href":"https:\/\/www.quilex-lighting.com\/shop\/wp-json\/wp\/v2\/product\/3272","targetHints":{"allow":["GET"]}}],"collection":[{"href":"https:\/\/www.quilex-lighting.com\/shop\/wp-json\/wp\/v2\/product"}],"about":[{"href":"https:\/\/www.quilex-lighting.com\/shop\/wp-json\/wp\/v2\/types\/product"}],"wp:featuredmedia":[{"embeddable":true,"href":"https:\/\/www.quilex-lighting.com\/shop\/wp-json\/wp\/v2\/media\/4101"}],"wp:attachment":[{"href":"https:\/\/www.quilex-lighting.com\/shop\/wp-json\/wp\/v2\/media?parent=3272"}],"curies":[{"name":"wp","href":"https:\/\/api.w.org\/{rel}","templated":true}]}}