{"id":3288,"date":"2020-08-29T15:54:03","date_gmt":"2020-08-29T13:54:03","guid":{"rendered":"https:\/\/www.quilex-lighting.com\/shop\/?post_type=product&#038;p=3288"},"modified":"2024-04-29T18:55:26","modified_gmt":"2024-04-29T16:55:26","slug":"spot-encastrable-led-flux-in-lite","status":"publish","type":"product","link":"https:\/\/www.quilex-lighting.com\/shop\/produit\/spot-encastrable-led-flux-in-lite\/","title":{"rendered":"Spot encastrable FLUX in-lite 12V\/1.50W"},"content":{"rendered":"<h3>Description du produit<\/h3>\n<h5>Encastr\u00e9 de sol port\u00e9e 3M<\/h5>\n<p>Le spot encastr\u00e9 de sol LED basse tension FLUX pr\u00e9sente un angle lumineux de 20 degr\u00e9s et une port\u00e9e de 3 m\u00e8tres de haut. Le spot led  FLUX est le luminaire de jardin id\u00e9al pour l&rsquo;\u00e9clairage des petits arbres ou des murs. Ce spot peut \u00eatre install\u00e9 dans des caillebotis, une terrasse bois en encastr\u00e9 de sol<br \/>\nLe +++ du spot led FLUX est qu&rsquo;il peut se combiner avec la Box100 pour mise en place dans le sol plus ais\u00e9e).<\/p>\n<p><strong>Remarque: il s&rsquo;agit d&rsquo;un produit 12V, pour connecter et installer ce produit, vous avez besoin un\u00a0<a href=\"https:\/\/www.quilex-lighting.com\/shop\/produit\/transformateur-hub-50-va-12v-in-lite\/\">HUB<\/a> 50 minimum d\u2019in-lite et un c\u00e2ble 12V d\u2019in-lite.<\/strong><\/p>\n<h3>Caract\u00e9ristique du produit<\/h3>\n<p><img loading=\"lazy\" decoding=\"async\" class=\"wp-image-3210 aligncenter\" src=\"https:\/\/www.quilex-lighting.com\/shop\/wp-content\/uploads\/2020\/10\/mod\u00e8le-caract\u00e9ristique-fiche-Flux.jpg\" alt=\"\" width=\"719\" height=\"393\" \/><\/p>\n<p>&nbsp;<\/p>\n<p style=\"text-align: center;\"><a class=\"savoirplus\" href=\"https:\/\/www.quilex-lighting.com\/shop\/wp-content\/uploads\/2020\/10\/Fiche-produit-Flux.pdf\" target=\"_blank\" rel=\"noopener noreferrer\"><strong>T\u00e9l\u00e9charger la fiche compl\u00e8te<\/strong><\/a><\/p>\n","protected":false},"excerpt":{"rendered":"<p>Encastr\u00e9 de sol de jardin id\u00e9al pour les sujets moyens 2-4m <!--more--><\/p>\n","protected":false},"featured_media":3666,"template":"","meta":[],"class_list":{"0":"post-3288","1":"product","2":"type-product","3":"status-publish","4":"has-post-thumbnail","6":"product_cat-encastrables-balises","8":"first","9":"instock","10":"taxable","11":"shipping-taxable","12":"purchasable","13":"product-type-simple"},"_links":{"self":[{"href":"https:\/\/www.quilex-lighting.com\/shop\/wp-json\/wp\/v2\/product\/3288","targetHints":{"allow":["GET"]}}],"collection":[{"href":"https:\/\/www.quilex-lighting.com\/shop\/wp-json\/wp\/v2\/product"}],"about":[{"href":"https:\/\/www.quilex-lighting.com\/shop\/wp-json\/wp\/v2\/types\/product"}],"wp:featuredmedia":[{"embeddable":true,"href":"https:\/\/www.quilex-lighting.com\/shop\/wp-json\/wp\/v2\/media\/3666"}],"wp:attachment":[{"href":"https:\/\/www.quilex-lighting.com\/shop\/wp-json\/wp\/v2\/media?parent=3288"}],"curies":[{"name":"wp","href":"https:\/\/api.w.org\/{rel}","templated":true}]}}