{"id":3295,"date":"2020-08-29T16:20:10","date_gmt":"2020-08-29T14:20:10","guid":{"rendered":"https:\/\/www.quilex-lighting.com\/shop\/?post_type=product&#038;p=3295"},"modified":"2024-05-16T17:17:39","modified_gmt":"2024-05-16T15:17:39","slug":"borne-lumineuse-design-led-3w-12v-ace-high-in-lite","status":"publish","type":"product","link":"https:\/\/www.quilex-lighting.com\/shop\/produit\/borne-lumineuse-design-led-3w-12v-ace-high-in-lite\/","title":{"rendered":"Borne lumineuse ACE HIGH in-lite 12V\/3W"},"content":{"rendered":"<h3>Description du produit<\/h3>\n<h5>Borne lumineuse design et \u00e9lanc\u00e9e<\/h5>\n<p>La borne lumineuse haute ACE HIGH DARK \u00e9met une lumi\u00e8re diffuse vers le bas dans 2 directions et assure un effet lumineux original. Ce luminaire convient parfaitement pour \u00e9clairer des all\u00e9es mais install\u00e9 avec originalit\u00e9 en bordure de l&rsquo;all\u00e9e entre les plantes, de type gramin\u00e9es ornementales. Le luminaire a une hauteur de 50 cm environ et son optique peut \u00eatre bascul\u00e9e de 10 degr\u00e9s. L&rsquo;ACE HIGH est disponible en 4 couleurs et se combine parfaitement avec d&rsquo;autres luminaires d&rsquo;ext\u00e9rieur de la s\u00e9rie ACE.<\/p>\n<h3>Caract\u00e9ristique du produit<\/h3>\n<p><img loading=\"lazy\" decoding=\"async\" class=\"wp-image-3210 aligncenter\" src=\"https:\/\/www.quilex-lighting.com\/shop\/wp-content\/uploads\/2020\/08\/Caract\u00e9ristique-Ace-High.jpg\" alt=\"\" width=\"719\" height=\"393\" \/><\/p>\n<p>&nbsp;<\/p>\n<p style=\"text-align: center;\"><a class=\"savoirplus\" href=\"https:\/\/www.quilex-lighting.com\/shop\/wp-content\/uploads\/2020\/08\/Fiche-produit-Ace-High.pdf\" target=\"_blank\" rel=\"noopener noreferrer\"><strong>T\u00e9l\u00e9charger la fiche compl\u00e8te<\/strong><\/a><\/p>\n","protected":false},"excerpt":{"rendered":"<p>Borne lumineuse design et \u00e9lanc\u00e9e avec \u00e9clairage bi directionnel. Luminaire id\u00e9al en bord d&rsquo;all\u00e9e implant\u00e9 dans les massifs de gramin\u00e9es<!--more--><\/p>\n","protected":false},"featured_media":3466,"template":"","meta":[],"class_list":{"0":"post-3295","1":"product","2":"type-product","3":"status-publish","4":"has-post-thumbnail","6":"product_cat-bornes-eclairage","8":"first","9":"instock","10":"taxable","11":"shipping-taxable","12":"purchasable","13":"product-type-variable"},"_links":{"self":[{"href":"https:\/\/www.quilex-lighting.com\/shop\/wp-json\/wp\/v2\/product\/3295","targetHints":{"allow":["GET"]}}],"collection":[{"href":"https:\/\/www.quilex-lighting.com\/shop\/wp-json\/wp\/v2\/product"}],"about":[{"href":"https:\/\/www.quilex-lighting.com\/shop\/wp-json\/wp\/v2\/types\/product"}],"wp:featuredmedia":[{"embeddable":true,"href":"https:\/\/www.quilex-lighting.com\/shop\/wp-json\/wp\/v2\/media\/3466"}],"wp:attachment":[{"href":"https:\/\/www.quilex-lighting.com\/shop\/wp-json\/wp\/v2\/media?parent=3295"}],"curies":[{"name":"wp","href":"https:\/\/api.w.org\/{rel}","templated":true}]}}