{"id":3297,"date":"2020-08-29T16:25:43","date_gmt":"2020-08-29T14:25:43","guid":{"rendered":"https:\/\/www.quilex-lighting.com\/shop\/?post_type=product&#038;p=3297"},"modified":"2024-04-29T18:55:00","modified_gmt":"2024-04-29T16:55:00","slug":"applique-murale-evo-down-dark-100-230v-in-lite","status":"publish","type":"product","link":"https:\/\/www.quilex-lighting.com\/shop\/produit\/applique-murale-evo-down-dark-100-230v-in-lite\/","title":{"rendered":"Applique Murale EVO DOWN DARK in-lite 230V\/4.50W"},"content":{"rendered":"<h3>Description du produit<\/h3>\n<h5>Applique murale Led \u00e9lanc\u00e9e et design<\/h5>\n<p>L\u2019applique murale led EVO DOWN DARK 100-230V est pr\u00e9vue pour un raccordement direct sur le secteur 220v gr\u00e2ce \u00e0 un transformateur int\u00e9grer. Cette applique murale est le luminaire id\u00e9al pour une construction moderne et \u00e9pur\u00e9e. Ce luminaire \u00e9l\u00e9gant et design est fait pour \u00eatre les amateurs de luminaires \u00e9pur\u00e9s.<\/p>\n<h3>Caract\u00e9ristique du produit<\/h3>\n<p><img loading=\"lazy\" decoding=\"async\" class=\"wp-image-3210 aligncenter\" src=\"https:\/\/www.quilex-lighting.com\/shop\/wp-content\/uploads\/2020\/09\/Caract\u00e9ristiques-EvoDown-220v.jpg\" alt=\"\" width=\"719\" height=\"393\" \/><\/p>\n<p>&nbsp;<\/p>\n<p style=\"text-align: center;\"><a class=\"savoirplus\" href=\"https:\/\/www.quilex-lighting.com\/shop\/wp-content\/uploads\/2020\/09\/Fiche-produit-Evo-Dark-100-230v.pdf\" target=\"_blank\" rel=\"noopener noreferrer\"><strong>T\u00e9l\u00e9charger la fiche compl\u00e8te<\/strong><\/a><\/p>\n","protected":false},"excerpt":{"rendered":"<p>Applique murale Led sobre aliment\u00e9e directement en 230V, cr\u00e9\u00e9e pour les amateurs de luminaires design<!--more--><\/p>\n","protected":false},"featured_media":3559,"template":"","meta":[],"class_list":{"0":"post-3297","1":"product","2":"type-product","3":"status-publish","4":"has-post-thumbnail","6":"product_cat-luminaires-exterieurs-230v","7":"product_cat-appliques","9":"first","10":"instock","11":"taxable","12":"shipping-taxable","13":"purchasable","14":"product-type-simple"},"_links":{"self":[{"href":"https:\/\/www.quilex-lighting.com\/shop\/wp-json\/wp\/v2\/product\/3297","targetHints":{"allow":["GET"]}}],"collection":[{"href":"https:\/\/www.quilex-lighting.com\/shop\/wp-json\/wp\/v2\/product"}],"about":[{"href":"https:\/\/www.quilex-lighting.com\/shop\/wp-json\/wp\/v2\/types\/product"}],"wp:featuredmedia":[{"embeddable":true,"href":"https:\/\/www.quilex-lighting.com\/shop\/wp-json\/wp\/v2\/media\/3559"}],"wp:attachment":[{"href":"https:\/\/www.quilex-lighting.com\/shop\/wp-json\/wp\/v2\/media?parent=3297"}],"curies":[{"name":"wp","href":"https:\/\/api.w.org\/{rel}","templated":true}]}}