{"id":3302,"date":"2020-08-29T16:46:47","date_gmt":"2020-08-29T14:46:47","guid":{"rendered":"https:\/\/www.quilex-lighting.com\/shop\/?post_type=product&#038;p=3302"},"modified":"2024-04-29T18:55:00","modified_gmt":"2024-04-29T16:55:00","slug":"applique-murale-led-ace-up-down-220v-in-lite","status":"publish","type":"product","link":"https:\/\/www.quilex-lighting.com\/shop\/produit\/applique-murale-led-ace-up-down-220v-in-lite\/","title":{"rendered":"Applique Murale ACE UP-DOWN in-lite 230V\/8.50W"},"content":{"rendered":"<h3>Description du produit<\/h3>\n<h5>Applique murale Led 220v<\/h5>\n<p>L&rsquo;applique murale ACE UP-DOWN DARK 100-230V se raccorde exclusivement \u00e0 une source de tension de 230V. C&rsquo;est pourquoi elle peut se monter contre une maison, un garage ou une remise. Le luminaire diffuse un faisceau de lumi\u00e8re cibl\u00e9 vers le haut et vers le bas. Les faisceaux sont r\u00e9glables en largeur gr\u00e2ce \u00e0 l\u2019accessoire SHUTTER.<\/p>\n<h3>Caract\u00e9ristique du produit<\/h3>\n<p><img loading=\"lazy\" decoding=\"async\" class=\"wp-image-3210 aligncenter\" src=\"https:\/\/www.quilex-lighting.com\/shop\/wp-content\/uploads\/2020\/08\/Caract\u00e9ristiques-Ace-Up-Down-120-230.jpg\" alt=\"\" width=\"719\" height=\"393\" \/><\/p>\n<p>&nbsp;<\/p>\n<p style=\"text-align: center;\"><a class=\"savoirplus\" href=\"https:\/\/www.quilex-lighting.com\/shop\/wp-content\/uploads\/2020\/09\/Fiche-produit-Ace-Up-Down-100-230v.pdf\" target=\"_blank\" rel=\"noopener noreferrer\"><strong>T\u00e9l\u00e9charger la fiche compl\u00e8te<\/strong><\/a><\/p>\n","protected":false},"excerpt":{"rendered":"<p>L&rsquo;applique murale Led ACE UP-DOWN DARK 100-230V se raccorde exclusivement sur le secteur 220V. Le transformateur est int\u00e9gr\u00e9 dans le luminaire.<!--more--><\/p>\n","protected":false},"featured_media":3477,"template":"","meta":[],"class_list":{"0":"post-3302","1":"product","2":"type-product","3":"status-publish","4":"has-post-thumbnail","6":"product_cat-luminaires-exterieurs-230v","7":"product_cat-appliques","9":"first","10":"instock","11":"taxable","12":"shipping-taxable","13":"purchasable","14":"product-type-variable"},"_links":{"self":[{"href":"https:\/\/www.quilex-lighting.com\/shop\/wp-json\/wp\/v2\/product\/3302","targetHints":{"allow":["GET"]}}],"collection":[{"href":"https:\/\/www.quilex-lighting.com\/shop\/wp-json\/wp\/v2\/product"}],"about":[{"href":"https:\/\/www.quilex-lighting.com\/shop\/wp-json\/wp\/v2\/types\/product"}],"wp:featuredmedia":[{"embeddable":true,"href":"https:\/\/www.quilex-lighting.com\/shop\/wp-json\/wp\/v2\/media\/3477"}],"wp:attachment":[{"href":"https:\/\/www.quilex-lighting.com\/shop\/wp-json\/wp\/v2\/media?parent=3302"}],"curies":[{"name":"wp","href":"https:\/\/api.w.org\/{rel}","templated":true}]}}