{"id":4115,"date":"2020-11-03T15:10:38","date_gmt":"2020-11-03T14:10:38","guid":{"rendered":"https:\/\/www.quilex-lighting.com\/shop\/?post_type=product&#038;p=4115"},"modified":"2024-04-29T18:48:02","modified_gmt":"2024-04-29T16:48:02","slug":"casquette-shield-2-in-lite","status":"publish","type":"product","link":"https:\/\/www.quilex-lighting.com\/shop\/produit\/casquette-shield-2-in-lite\/","title":{"rendered":"Casquette SHIELD 2 in-lite"},"content":{"rendered":"<h3>Description du produit<\/h3>\n<h5>Visi\u00e8re pour MINI SCOPE<\/h5>\n<p>L&rsquo;\u00e9cran ou visi\u00e8re SHIELD 2 in-lite permet de cacher le flux lumineux du spot SCOPE et BIG SCOPE sur un c\u00f4t\u00e9 choisi pour \u00e9viter d&rsquo;\u00eatre \u00e9bloui. En fonction de la configuration de l\u2019installation d&rsquo;\u00e9clairage le SHIELD 2 est une option confort qui s&rsquo;offre \u00e0 vous.<\/p>\n<h3>Caract\u00e9ristique du produit<\/h3>\n<p>Longueur : 37 mm<br \/>\nDiam\u00e8tre : 66 mm<\/p>\n","protected":false},"excerpt":{"rendered":"<p>L&rsquo;\u00e9cran ou visi\u00e8re SHIELD 2 in-lite permet de cacher le flux lumineux du spot SCOPE et BIG SCOPE.<\/p>\n","protected":false},"featured_media":4114,"template":"","meta":[],"class_list":{"0":"post-4115","1":"product","2":"type-product","3":"status-publish","4":"has-post-thumbnail","6":"product_cat-transformateurs-accessoires","8":"first","9":"instock","10":"taxable","11":"shipping-taxable","12":"purchasable","13":"product-type-simple"},"_links":{"self":[{"href":"https:\/\/www.quilex-lighting.com\/shop\/wp-json\/wp\/v2\/product\/4115","targetHints":{"allow":["GET"]}}],"collection":[{"href":"https:\/\/www.quilex-lighting.com\/shop\/wp-json\/wp\/v2\/product"}],"about":[{"href":"https:\/\/www.quilex-lighting.com\/shop\/wp-json\/wp\/v2\/types\/product"}],"wp:featuredmedia":[{"embeddable":true,"href":"https:\/\/www.quilex-lighting.com\/shop\/wp-json\/wp\/v2\/media\/4114"}],"wp:attachment":[{"href":"https:\/\/www.quilex-lighting.com\/shop\/wp-json\/wp\/v2\/media?parent=4115"}],"curies":[{"name":"wp","href":"https:\/\/api.w.org\/{rel}","templated":true}]}}