{"id":4322,"date":"2020-11-05T18:56:12","date_gmt":"2020-11-05T17:56:12","guid":{"rendered":"https:\/\/www.quilex-lighting.com\/shop\/?post_type=product&#038;p=4322"},"modified":"2024-04-29T18:45:49","modified_gmt":"2024-04-29T16:45:49","slug":"lampe-solaire-parc-50-maiori","status":"publish","type":"product","link":"https:\/\/www.quilex-lighting.com\/shop\/produit\/lampe-solaire-parc-50-maiori\/","title":{"rendered":"Lampe PARC M MAIORI"},"content":{"rendered":"<h3>Description du produit<\/h3>\n<h5>La plus \u00e9clairante des lampes solaires<\/h5>\n<p>La lampe Parc surnomm\u00e9e la LP, est une icone. Cette lampe solaire nomade, vous impressionnera sa lumi\u00e8re chaude et abondante. La base int\u00e9rieure de cette lampe solaire est judicieusement \u00e9tudi\u00e9e en forme de pyramide miroir afin d&rsquo;amplifier la luminosit\u00e9. Elle vous suivra \u00e0 l\u2019ext\u00e9rieur comme \u00e0 l\u2019int\u00e9rieur. Sa place de pr\u00e9dilection pour \u00eatre l&rsquo;\u00e9clairage de chemin ou les bords  piscine. D\u00e9clinables en 3 hauteurs et 2 couleurs. Jusqu\u2019\u00e0 9 heures d\u2019\u00e9clairage.<\/p>\n<h3>Fonctions principales<\/h3>\n<p>Bluetooth 4.0 : connectez et contr\u00f4lez jusqu&rsquo;\u00e0 1000 lampes de la marque MAIORI<br \/>\n100% portable &amp; 100% autonome<br \/>\nCharge solaire &amp; USB<br \/>\nLumi\u00e8re LED chaude<\/p>\n<h3>Caract\u00e9ristique du produit<\/h3>\n<p>Dimensions l x H x P : 18 cm x 40 cm x 18 cm<br \/>\nAutonomie : jusqu&rsquo;\u00e0 9 heures<br \/>\nTemps de charge : 6h<br \/>\nMat\u00e9riaux de haute qualit\u00e9 : Alu (corps) <\/p>\n<p>&nbsp;<\/p>\n<p style=\"text-align: center;\"><a class=\"savoirplus\" href=\"https:\/\/www.quilex-lighting.com\/shop\/wp-content\/uploads\/2020\/11\/product86F2A8.pdf\" target=\"_blank\" rel=\"noopener noreferrer\"><strong>T\u00e9l\u00e9charger la fiche compl\u00e8te<\/strong><\/a><\/p>\n","protected":false},"excerpt":{"rendered":"<p>La lampe solaire et connect\u00e9e Bluetooth avec r\u00e9flecteur pyramidale, la plus \u00e9clairante <\/p>\n","protected":false},"featured_media":4304,"template":"","meta":[],"class_list":{"0":"post-4322","1":"product","2":"type-product","3":"status-publish","4":"has-post-thumbnail","6":"product_cat-luminaires-solaires-hybrides-connectes","8":"first","9":"onbackorder","10":"taxable","11":"shipping-taxable","12":"purchasable","13":"product-type-variable"},"_links":{"self":[{"href":"https:\/\/www.quilex-lighting.com\/shop\/wp-json\/wp\/v2\/product\/4322","targetHints":{"allow":["GET"]}}],"collection":[{"href":"https:\/\/www.quilex-lighting.com\/shop\/wp-json\/wp\/v2\/product"}],"about":[{"href":"https:\/\/www.quilex-lighting.com\/shop\/wp-json\/wp\/v2\/types\/product"}],"wp:featuredmedia":[{"embeddable":true,"href":"https:\/\/www.quilex-lighting.com\/shop\/wp-json\/wp\/v2\/media\/4304"}],"wp:attachment":[{"href":"https:\/\/www.quilex-lighting.com\/shop\/wp-json\/wp\/v2\/media?parent=4322"}],"curies":[{"name":"wp","href":"https:\/\/api.w.org\/{rel}","templated":true}]}}