{"id":4370,"date":"2020-11-06T10:15:43","date_gmt":"2020-11-06T09:15:43","guid":{"rendered":"https:\/\/www.quilex-lighting.com\/shop\/?post_type=product&#038;p=4370"},"modified":"2024-04-29T18:45:46","modified_gmt":"2024-04-29T16:45:46","slug":"lampe-solaire-popup-maiori","status":"publish","type":"product","link":"https:\/\/www.quilex-lighting.com\/shop\/produit\/lampe-solaire-popup-maiori\/","title":{"rendered":"Lampe POPUP MAIORI"},"content":{"rendered":"<h3>Description du produit<\/h3>\n<h5>Petite lampe inspir\u00e9e de l&rsquo;art Japonais Kirigami<\/h5>\n<p>Vous ne connaissez peut-\u00eatre pas le kiragami, mais l&rsquo;origami vous parle. Le Kirigami est l&rsquo;art du d\u00e9coupage du papier pur cr\u00e9er des formes d&rsquo;une extr\u00eame pr\u00e9cision et finesse. Cette lampe solaire de jardin Popup est tr\u00e8s inspir\u00e9e de cet art. En effet l\u00e9g\u00e8re et \u00e9tanche la Popup est une lampe de table solaire id\u00e9ale pour un restaurant, ou votre table de salon d&rsquo;ext\u00e9rieur. Sa sobri\u00e9t\u00e9 et son syst\u00e8me sans fil, lui permettent de s\u2019adapter \u00e0 tous les espaces. A l&rsquo;aise aussi bien \u00e0 l&rsquo;int\u00e9rieur qu&rsquo;\u00e0 l&rsquo;ext\u00e9rieur elle offre jusqu&rsquo;\u00e0 10 heures de lumi\u00e8re chaude gr\u00e2ce \u00e0 un module solaire de haute conversion.<\/p>\n<h3>Fonctions principales<\/h3>\n<p>Bluetooth 4.0 : connectez et contr\u00f4lez jusqu&rsquo;\u00e0 1000 lampes de la marque MAIORI<br \/>\n100% portable &#038; 100% autonome<br \/>\nCharge solaire &#038; USB<br \/>\nLumi\u00e8re LED chaude<\/p>\n<h3>Caract\u00e9ristique du produit<\/h3>\n<p>Dimensions  l x H x P : 10,5 cm x 10,5 cm x 10,5 cm<br \/>\nAutonomie : jusqu&rsquo;\u00e0 5 heures<br \/>\nTemps de charge : 3.5-5h (USB-Solaire)<br \/>\nMat\u00e9riaux de haute qualit\u00e9 : Alu (corps)<\/p>\n<p>&nbsp;<\/p>\n<p style=\"text-align: center;\"><a class=\"savoirplus\" href=\"https:\/\/www.quilex-lighting.com\/shop\/wp-content\/uploads\/2020\/11\/product0287A6.pdf\" target=\"_blank\" rel=\"noopener noreferrer\"><strong>T\u00e9l\u00e9charger la fiche compl\u00e8te<\/strong><\/a><\/p>\n","protected":false},"excerpt":{"rendered":"<p>La petite lampe de table solaire\/USB intimiste<\/p>\n","protected":false},"featured_media":4378,"template":"","meta":[],"class_list":{"0":"post-4370","1":"product","2":"type-product","3":"status-publish","4":"has-post-thumbnail","6":"product_cat-decoration-brasero-foyers-exterieurs","7":"product_cat-luminaires-solaires-hybrides-connectes","9":"first","10":"instock","11":"taxable","12":"shipping-taxable","13":"purchasable","14":"product-type-variable"},"_links":{"self":[{"href":"https:\/\/www.quilex-lighting.com\/shop\/wp-json\/wp\/v2\/product\/4370","targetHints":{"allow":["GET"]}}],"collection":[{"href":"https:\/\/www.quilex-lighting.com\/shop\/wp-json\/wp\/v2\/product"}],"about":[{"href":"https:\/\/www.quilex-lighting.com\/shop\/wp-json\/wp\/v2\/types\/product"}],"wp:featuredmedia":[{"embeddable":true,"href":"https:\/\/www.quilex-lighting.com\/shop\/wp-json\/wp\/v2\/media\/4378"}],"wp:attachment":[{"href":"https:\/\/www.quilex-lighting.com\/shop\/wp-json\/wp\/v2\/media?parent=4370"}],"curies":[{"name":"wp","href":"https:\/\/api.w.org\/{rel}","templated":true}]}}