{"id":5437,"date":"2021-02-09T13:27:54","date_gmt":"2021-02-09T12:27:54","guid":{"rendered":"https:\/\/www.quilex-lighting.com\/shop\/?post_type=product&#038;p=5437"},"modified":"2024-04-29T18:45:15","modified_gmt":"2024-04-29T16:45:15","slug":"brasero-a-gaz-cosiloft-alu","status":"publish","type":"product","link":"https:\/\/www.quilex-lighting.com\/shop\/produit\/brasero-a-gaz-cosiloft-alu\/","title":{"rendered":"Brasero \u00e0 gaz COSILOFT ALU"},"content":{"rendered":"<h3>Description du produit<\/h3>\n<h5>Une grande table foyer pour des ap\u00e9ro chaleureux\u00a0\u00bb<\/h5>\n<p>Une belle ligne de foyer ext\u00e9rieurs \u00e0 gaz d\u00e9clin\u00e9 en 100% alu ou avec plateau teck. Beaucoup d&rsquo;importance est apport\u00e9 aux lignes \u00e9pur\u00e9s et au couleurs afin de pouvoir toujours pouvoir l&rsquo;harmoniser avec la d\u00e9co ext\u00e9rieure tr\u00e8s facilement. Son large plateau de 80cm par 120cm en alu ou en teck (Cosiloft teck) laisse un espace suffisamment grand pour accueillir vos amis ou votre famille autour d&rsquo;un verre. Plus d&rsquo;excuse pour inviter du monde \u00e0 passer un moment agr\u00e9able et profiter de votre jardin de nuit bien \u00e9clair\u00e9.<br \/>\nPlusieurs combinaison son possibles : noir, blanc, teck <\/p>\n<h3>Caract\u00e9ristique du produit<\/h3>\n<p>Mat\u00e9riaux : Corps en alu, br\u00fbleur en acier inoxydable<br \/>\nBr\u00fbleur : Gaz propane d&rsquo;une puissance de chauffe de 9kw<br \/>\nAllumage : Piezo \u00e9lectrique<br \/>\nInclus: D\u00e9tendeur 30mBar avec tuyau, batterie, plaque de couverture, pierres de lave + b\u00fbches c\u00e9ramiques<br \/>\nDimensions L x l x H\u00a0 : 120cm x 80cm x 47cm ou 100cm x 100cm x 47cm<br \/>\nAccessoires option\u00a0 : verre de protection + housse de protection ext\u00e9rieure<\/p>\n<p>&nbsp;<\/p>\n<p style=\"text-align: center;\">\n<p style=\"text-align: center;\"><a class=\"savoirplus\" href=\"https:\/\/www.quilex-lighting.com\/shop\/wp-content\/uploads\/2021\/02\/Cosi-Look-Book-Foyers-ext%C3%A9rieurs-gaz.pdf\" target=\"_blank\" rel=\"noopener noreferrer\"><strong>T\u00e9l\u00e9charger la brochure compl\u00e8te<\/strong><\/a><\/p>\n","protected":false},"excerpt":{"rendered":"<p>La ligne Cosiloft vous offre un large choix brasero gaz ext\u00e9rieurs raffin\u00e9s. A vous de choisir celui qui convient le mieux !<\/p>\n","protected":false},"featured_media":5150,"template":"","meta":[],"class_list":{"0":"post-5437","1":"product","2":"type-product","3":"status-publish","4":"has-post-thumbnail","6":"product_cat-decoration-brasero-foyers-exterieurs","8":"first","9":"outofstock","10":"taxable","11":"shipping-taxable","12":"purchasable","13":"product-type-variable"},"_links":{"self":[{"href":"https:\/\/www.quilex-lighting.com\/shop\/wp-json\/wp\/v2\/product\/5437","targetHints":{"allow":["GET"]}}],"collection":[{"href":"https:\/\/www.quilex-lighting.com\/shop\/wp-json\/wp\/v2\/product"}],"about":[{"href":"https:\/\/www.quilex-lighting.com\/shop\/wp-json\/wp\/v2\/types\/product"}],"wp:featuredmedia":[{"embeddable":true,"href":"https:\/\/www.quilex-lighting.com\/shop\/wp-json\/wp\/v2\/media\/5150"}],"wp:attachment":[{"href":"https:\/\/www.quilex-lighting.com\/shop\/wp-json\/wp\/v2\/media?parent=5437"}],"curies":[{"name":"wp","href":"https:\/\/api.w.org\/{rel}","templated":true}]}}