{"id":5449,"date":"2021-02-09T14:18:48","date_gmt":"2021-02-09T13:18:48","guid":{"rendered":"https:\/\/www.quilex-lighting.com\/shop\/?post_type=product&#038;p=5449"},"modified":"2024-04-29T18:45:15","modified_gmt":"2024-04-29T16:45:15","slug":"brasero-a-gaz-cosibrixx-90","status":"publish","type":"product","link":"https:\/\/www.quilex-lighting.com\/shop\/produit\/brasero-a-gaz-cosibrixx-90\/","title":{"rendered":"Brasero \u00e0 gaz COSIBRIXX 90"},"content":{"rendered":"<h3>Description du produit<\/h3>\n<h5>table foyer compact au look anthracite \u00e9pur\u00e9\u00a0\u00bb<\/h5>\n<p>Ce petit foyer ext\u00e9rieur \u00e0 gaz de couleur anthracite est une petite table basse brasero. Enti\u00e8rement en alu, il r\u00e9sistera tr\u00e8s bien aux conditions climatiques ext\u00e9rieures. Cette table \u00e0 feu est livr\u00e9e pr\u00eate \u00e0 l&#8217;emploi mais vous pourrez y ajouter quelques options comme une vitre de protection ou une housse ext\u00e9rieur pour le prot\u00e9ger.  <\/p>\n<h3>Caract\u00e9ristique du produit<\/h3>\n<p>Mat\u00e9riaux : Corps en alu, br\u00fbleur en acier inoxydable<br \/>\nBr\u00fbleur : Gaz propane d&rsquo;une puissance de chauffe de 9kw<br \/>\nConsommation: Consommation : max.608 grammes par heure<br \/>\nAllumage : Piezo \u00e9lectrique<br \/>\nInclus: D\u00e9tendeur 30mBar avec tuyau, pierres de lave, couvercle + b\u00fbches c\u00e9ramiques<br \/>\nDimensions L x l x H\u00a0 : 90cm x 90cm x 61cm<br \/>\nAccessoires option\u00a0 : verre de protection + housse de protection ext\u00e9rieure<\/p>\n<p>&nbsp;<\/p>\n<p style=\"text-align: center;\">\n<p style=\"text-align: center;\"><a class=\"savoirplus\" href=\"https:\/\/www.quilex-lighting.com\/shop\/wp-content\/uploads\/2021\/02\/Cosi-Look-Book-Foyers-ext%C3%A9rieurs-gaz.pdf\" target=\"_blank\" rel=\"noopener noreferrer\"><strong>T\u00e9l\u00e9charger la brochure compl\u00e8te<\/strong><\/a><\/p>\n","protected":false},"excerpt":{"rendered":"<p>Un foyer ext\u00e9rieur \u00e0 gaz dans l&rsquo;esprit table base au design \u00e9pur\u00e9.<\/p>\n","protected":false},"featured_media":5274,"template":"","meta":[],"class_list":{"0":"post-5449","1":"product","2":"type-product","3":"status-publish","4":"has-post-thumbnail","6":"product_cat-decoration-brasero-foyers-exterieurs","8":"first","9":"outofstock","10":"taxable","11":"shipping-taxable","12":"purchasable","13":"product-type-simple"},"_links":{"self":[{"href":"https:\/\/www.quilex-lighting.com\/shop\/wp-json\/wp\/v2\/product\/5449","targetHints":{"allow":["GET"]}}],"collection":[{"href":"https:\/\/www.quilex-lighting.com\/shop\/wp-json\/wp\/v2\/product"}],"about":[{"href":"https:\/\/www.quilex-lighting.com\/shop\/wp-json\/wp\/v2\/types\/product"}],"wp:featuredmedia":[{"embeddable":true,"href":"https:\/\/www.quilex-lighting.com\/shop\/wp-json\/wp\/v2\/media\/5274"}],"wp:attachment":[{"href":"https:\/\/www.quilex-lighting.com\/shop\/wp-json\/wp\/v2\/media?parent=5449"}],"curies":[{"name":"wp","href":"https:\/\/api.w.org\/{rel}","templated":true}]}}