{"id":5505,"date":"2021-06-02T16:56:01","date_gmt":"2021-06-02T14:56:01","guid":{"rendered":"https:\/\/www.quilex-lighting.com\/shop\/?post_type=product&#038;p=5505"},"modified":"2024-04-29T18:44:42","modified_gmt":"2024-04-29T16:44:42","slug":"synergy-65s-kooduu","status":"publish","type":"product","link":"https:\/\/www.quilex-lighting.com\/shop\/produit\/synergy-65s-kooduu\/","title":{"rendered":"SYNERGY 65S Kooduu"},"content":{"rendered":"<h3>Description du produit<\/h3>\n<h5>Lampe mobile enceinte sceau \u00e0 champagne<\/h5>\n<p>Le Kooduu Synergy 65S est un haut-parleur Bluetooth, une lampe LED design et un refroidisseur de vin tout en un. La fonction Bluetooth vous permet de diffuser votre musique pr\u00e9f\u00e9r\u00e9e en haute qualit\u00e9. Gardez votre vin ou vos boissons au frais avec de la glace dans le petit contenant r\u00e9frig\u00e9rant int\u00e9gr\u00e9. Vous pouvez profiter du Kooduu Synergy 65 Pro o\u00f9 vous le souhaitez, il est compl\u00e8tement portable gr\u00e2ce \u00e0 la grande batterie rechargeable \u00e0 l&rsquo;int\u00e9rieur.<\/p>\n<h3>Fonctions principales<\/h3>\n<p>Haut-parleur Bluetooth<br \/>\nLumi\u00e8re LED chaude<br \/>\nGlaci\u00e8re<br \/>\nDiffusez de la musique sans fil<br \/>\n100% portable<br \/>\nMat\u00e9riaux de haute qualit\u00e9<br \/>\nConnectez 2 Synergy S<\/p>\n<h3>Caract\u00e9ristique du produit<\/h3>\n<p>Dimensions \u00d8 x H: 41 cm x 72 cm<br \/>\nTemps de jeu: jusqu&rsquo;\u00e0 12 heures<br \/>\nSortie musicale maximale: 24 W<\/p>\n<p>&nbsp;<\/p>\n<p style=\"text-align: center;\"><a class=\"savoirplus\" href=\"https:\/\/www.quilex-lighting.com\/shop\/wp-content\/uploads\/2020\/04\/v3-Synergy-Pro-specifications-1.pdf\" target=\"_blank\" rel=\"noopener noreferrer\"><strong>T\u00e9l\u00e9charger la fiche compl\u00e8te<\/strong><\/a><\/p>\n","protected":false},"excerpt":{"rendered":"<p>Le combo parfait lampe portable\/enceinte\/sceau \u00e0 champagne pour passer une soir\u00e9e entre amis. On adore !<\/p>\n","protected":false},"featured_media":3910,"template":"","meta":[],"class_list":{"0":"post-5505","1":"product","2":"type-product","3":"status-publish","4":"has-post-thumbnail","6":"product_cat-decoration-brasero-foyers-exterieurs","7":"product_cat-lampe-mobile-stereo-enceinte","9":"first","10":"outofstock","11":"taxable","12":"shipping-taxable","13":"purchasable","14":"product-type-simple"},"_links":{"self":[{"href":"https:\/\/www.quilex-lighting.com\/shop\/wp-json\/wp\/v2\/product\/5505","targetHints":{"allow":["GET"]}}],"collection":[{"href":"https:\/\/www.quilex-lighting.com\/shop\/wp-json\/wp\/v2\/product"}],"about":[{"href":"https:\/\/www.quilex-lighting.com\/shop\/wp-json\/wp\/v2\/types\/product"}],"wp:featuredmedia":[{"embeddable":true,"href":"https:\/\/www.quilex-lighting.com\/shop\/wp-json\/wp\/v2\/media\/3910"}],"wp:attachment":[{"href":"https:\/\/www.quilex-lighting.com\/shop\/wp-json\/wp\/v2\/media?parent=5505"}],"curies":[{"name":"wp","href":"https:\/\/api.w.org\/{rel}","templated":true}]}}