{"id":5657,"date":"2021-10-13T08:57:29","date_gmt":"2021-10-13T06:57:29","guid":{"rendered":"https:\/\/www.quilex-lighting.com\/shop\/?post_type=product&#038;p=5657"},"modified":"2024-04-29T18:41:59","modified_gmt":"2024-04-29T16:41:59","slug":"lanterne-solaire-las-900-lyx-3w","status":"publish","type":"product","link":"https:\/\/www.quilex-lighting.com\/shop\/produit\/lanterne-solaire-las-900-lyx-3w\/","title":{"rendered":"Lanterne Solaire LAS 900 Lyx 3W"},"content":{"rendered":"<h3>Description du produit<\/h3>\n<h5>La lanterne solaire XXL<\/h5>\n<p>La lanterne solaire LAS 900 est une lanterne solaire grand format adapt\u00e9e avant tout \u00e0 l&rsquo;\u00e9clairage des terrasses. Cette lampe solaire diffuse une lumi\u00e8re chaude \u00e0 LED de 2900) K en moyenne gr\u00e2ce \u00e0 des diffusants en acryl satin\u00e9. De plus cette lampe solaire est \u00e9quip\u00e9 d&rsquo;un d\u00e9tecteur de mouvement ce qui peut \u00eatre tr\u00e8s pratique. Disponible en 2 finitions :\u00a0 couleur gris anthracite (RAL 7021) ou aspect rouille Corten.<\/p>\n<h3>Caract\u00e9ristique du produit<\/h3>\n<p>Eclairage nomade \u00e0 poser<br \/>\nD\u00e9tecteur de pr\u00e9sence<br \/>\n100% portable : 100% autonome<br \/>\nLampe rechargeable solaire ou sur secteur via cordon USB<br \/>\nLumi\u00e8re LED chaude 3000\u00b0 K.<br \/>\nde 10 \u00e0 500 LUMENS<br \/>\nPuissance : 3W<br \/>\n\u00e9tanche IP 55<br \/>\nDimensions l x L x H : 24,5cm x 24,5cm x 89,5cm<br \/>\nAutonomie : de 5H \u00e0 200H<\/p>\n<p>&nbsp;<\/p>\n<p style=\"text-align: center;\"><a class=\"savoirplus\" href=\"https:\/\/www.quilex-lighting.com\/shop\/wp-content\/uploads\/2021\/11\/Fiche-produit-LAS-900.pdf\" target=\"_blank\" rel=\"noopener noreferrer\"><strong>T\u00e9l\u00e9charger la fiche compl\u00e8te<\/strong><\/a><\/p>\n","protected":false},"excerpt":{"rendered":"<p>Lanterne solaire ou rechargeable USB format XXL <!--more--><\/p>\n","protected":false},"featured_media":5779,"template":"","meta":[],"class_list":{"0":"post-5657","1":"product","2":"type-product","3":"status-publish","4":"has-post-thumbnail","6":"product_cat-decoration-brasero-foyers-exterieurs","7":"product_cat-luminaires-solaires-hybrides-connectes","9":"first","10":"instock","11":"taxable","12":"shipping-taxable","13":"purchasable","14":"product-type-variable"},"_links":{"self":[{"href":"https:\/\/www.quilex-lighting.com\/shop\/wp-json\/wp\/v2\/product\/5657","targetHints":{"allow":["GET"]}}],"collection":[{"href":"https:\/\/www.quilex-lighting.com\/shop\/wp-json\/wp\/v2\/product"}],"about":[{"href":"https:\/\/www.quilex-lighting.com\/shop\/wp-json\/wp\/v2\/types\/product"}],"wp:featuredmedia":[{"embeddable":true,"href":"https:\/\/www.quilex-lighting.com\/shop\/wp-json\/wp\/v2\/media\/5779"}],"wp:attachment":[{"href":"https:\/\/www.quilex-lighting.com\/shop\/wp-json\/wp\/v2\/media?parent=5657"}],"curies":[{"name":"wp","href":"https:\/\/api.w.org\/{rel}","templated":true}]}}